{"id":3193,"date":"2024-09-04T17:27:06","date_gmt":"2024-09-04T23:27:06","guid":{"rendered":"https:\/\/labquimicamedica.com\/?post_type=product&#038;p=3193"},"modified":"2024-09-04T17:51:15","modified_gmt":"2024-09-04T23:51:15","slug":"acido-lactic","status":"publish","type":"product","link":"https:\/\/labquimicamedica.com\/index.php\/producto\/acido-lactic\/","title":{"rendered":"\u00c1cido L\u00e1ctico"},"content":{"rendered":"<p><strong class=\"x-el x-el-span c2-5t c2-4d c2-3 c2-a9 c2-s c2-i c2-aa\">Instrucciones para toma de muestra:<\/strong>\u00a0Sin requerimientos previos a la toma de muestra.<\/p>\n","protected":false},"excerpt":{"rendered":"<p><strong class=\"x-el x-el-span c2-5t c2-4d c2-3 c2-a9 c2-s c2-i c2-aa\">Metodolog\u00eda:<\/strong> \u00c1cido l\u00e1ctico a piruvato.<\/p>\n<p><strong class=\"x-el x-el-span c2-5t c2-4d c2-3 c2-a9 c2-s c2-i c2-aa\">\u00c1cido L\u00e1ctico | C\u00f3digo QM007<\/strong><\/p>\n<p><strong class=\"x-el x-el-span c2-5t c2-4d c2-3 c2-a9 c2-s c2-i c2-aa\">Tiempo estimado de entrega: 24hrs.<\/strong><\/p>\n","protected":false},"featured_media":2446,"comment_status":"open","ping_status":"closed","template":"","meta":{"_acf_changed":false,"inline_featured_image":false,"postBodyCss":"","postBodyMargin":[],"postBodyPadding":[],"postBodyBackground":{"backgroundType":"classic","gradient":""}},"product_brand":[],"product_cat":[57],"product_tag":[72],"class_list":{"0":"post-3193","1":"product","2":"type-product","3":"status-publish","4":"has-post-thumbnail","6":"product_cat-quimica-clinica","7":"product_tag-quimica-clinica","9":"first","10":"instock","11":"virtual","12":"taxable","13":"purchasable","14":"product-type-simple"},"acf":[],"yoast_head":"<!-- This site is optimized with the Yoast SEO plugin v27.4 - https:\/\/yoast.com\/product\/yoast-seo-wordpress\/ -->\n<title>\u00c1cido L\u00e1ctico - Laboratorio Qu\u00edmica M\u00e9dica<\/title>\n<meta name=\"robots\" content=\"index, follow, max-snippet:-1, max-image-preview:large, max-video-preview:-1\" \/>\n<link rel=\"canonical\" href=\"https:\/\/labquimicamedica.com\/index.php\/producto\/acido-lactic\/\" \/>\n<meta property=\"og:locale\" content=\"es_MX\" \/>\n<meta property=\"og:type\" content=\"article\" \/>\n<meta property=\"og:title\" content=\"\u00c1cido L\u00e1ctico - Laboratorio Qu\u00edmica M\u00e9dica\" \/>\n<meta property=\"og:description\" content=\"Metodolog\u00eda: \u00c1cido l\u00e1ctico a piruvato.  \u00c1cido L\u00e1ctico | C\u00f3digo QM007  Tiempo estimado de entrega: 24hrs.\" \/>\n<meta property=\"og:url\" content=\"https:\/\/labquimicamedica.com\/index.php\/producto\/acido-lactic\/\" \/>\n<meta property=\"og:site_name\" content=\"Laboratorio Qu\u00edmica M\u00e9dica\" \/>\n<meta property=\"article:publisher\" content=\"https:\/\/www.facebook.com\/Lab.Quimicamedica\/?locale=es_LA\" \/>\n<meta property=\"article:modified_time\" content=\"2024-09-04T23:51:15+00:00\" \/>\n<meta property=\"og:image\" content=\"https:\/\/labquimicamedica.com\/wp-content\/uploads\/2024\/08\/quimicaclinica1.png\" \/>\n\t<meta property=\"og:image:width\" content=\"1000\" \/>\n\t<meta property=\"og:image:height\" content=\"1000\" \/>\n\t<meta property=\"og:image:type\" content=\"image\/png\" \/>\n<meta name=\"twitter:card\" content=\"summary_large_image\" \/>\n<script type=\"application\/ld+json\" class=\"yoast-schema-graph\">{\"@context\":\"https:\\\/\\\/schema.org\",\"@graph\":[{\"@type\":\"WebPage\",\"@id\":\"https:\\\/\\\/labquimicamedica.com\\\/index.php\\\/producto\\\/acido-lactic\\\/\",\"url\":\"https:\\\/\\\/labquimicamedica.com\\\/index.php\\\/producto\\\/acido-lactic\\\/\",\"name\":\"\u00c1cido L\u00e1ctico - Laboratorio Qu\u00edmica M\u00e9dica\",\"isPartOf\":{\"@id\":\"https:\\\/\\\/labquimicamedica.com\\\/#website\"},\"primaryImageOfPage\":{\"@id\":\"https:\\\/\\\/labquimicamedica.com\\\/index.php\\\/producto\\\/acido-lactic\\\/#primaryimage\"},\"image\":{\"@id\":\"https:\\\/\\\/labquimicamedica.com\\\/index.php\\\/producto\\\/acido-lactic\\\/#primaryimage\"},\"thumbnailUrl\":\"https:\\\/\\\/labquimicamedica.com\\\/wp-content\\\/uploads\\\/2024\\\/08\\\/quimicaclinica1.png\",\"datePublished\":\"2024-09-04T23:27:06+00:00\",\"dateModified\":\"2024-09-04T23:51:15+00:00\",\"breadcrumb\":{\"@id\":\"https:\\\/\\\/labquimicamedica.com\\\/index.php\\\/producto\\\/acido-lactic\\\/#breadcrumb\"},\"inLanguage\":\"es\",\"potentialAction\":[{\"@type\":\"ReadAction\",\"target\":[\"https:\\\/\\\/labquimicamedica.com\\\/index.php\\\/producto\\\/acido-lactic\\\/\"]}]},{\"@type\":\"ImageObject\",\"inLanguage\":\"es\",\"@id\":\"https:\\\/\\\/labquimicamedica.com\\\/index.php\\\/producto\\\/acido-lactic\\\/#primaryimage\",\"url\":\"https:\\\/\\\/labquimicamedica.com\\\/wp-content\\\/uploads\\\/2024\\\/08\\\/quimicaclinica1.png\",\"contentUrl\":\"https:\\\/\\\/labquimicamedica.com\\\/wp-content\\\/uploads\\\/2024\\\/08\\\/quimicaclinica1.png\",\"width\":1000,\"height\":1000,\"caption\":\"Qu\u00edmica Cl\u00ednica\"},{\"@type\":\"BreadcrumbList\",\"@id\":\"https:\\\/\\\/labquimicamedica.com\\\/index.php\\\/producto\\\/acido-lactic\\\/#breadcrumb\",\"itemListElement\":[{\"@type\":\"ListItem\",\"position\":1,\"name\":\"Inicio\",\"item\":\"https:\\\/\\\/labquimicamedica.com\\\/\"},{\"@type\":\"ListItem\",\"position\":2,\"name\":\"Tienda\",\"item\":\"https:\\\/\\\/labquimicamedica.com\\\/index.php\\\/tienda\\\/\"},{\"@type\":\"ListItem\",\"position\":3,\"name\":\"\u00c1cido L\u00e1ctico\"}]},{\"@type\":\"WebSite\",\"@id\":\"https:\\\/\\\/labquimicamedica.com\\\/#website\",\"url\":\"https:\\\/\\\/labquimicamedica.com\\\/\",\"name\":\"Laboratorio Qu\u00edmica M\u00e9dica\",\"description\":\"QM\",\"publisher\":{\"@id\":\"https:\\\/\\\/labquimicamedica.com\\\/#organization\"},\"potentialAction\":[{\"@type\":\"SearchAction\",\"target\":{\"@type\":\"EntryPoint\",\"urlTemplate\":\"https:\\\/\\\/labquimicamedica.com\\\/?s={search_term_string}\"},\"query-input\":{\"@type\":\"PropertyValueSpecification\",\"valueRequired\":true,\"valueName\":\"search_term_string\"}}],\"inLanguage\":\"es\"},{\"@type\":\"Organization\",\"@id\":\"https:\\\/\\\/labquimicamedica.com\\\/#organization\",\"name\":\"Laboratorio Qu\u00edmica M\u00e9dica\",\"url\":\"https:\\\/\\\/labquimicamedica.com\\\/\",\"logo\":{\"@type\":\"ImageObject\",\"inLanguage\":\"es\",\"@id\":\"https:\\\/\\\/labquimicamedica.com\\\/#\\\/schema\\\/logo\\\/image\\\/\",\"url\":\"https:\\\/\\\/labquimicamedica.com\\\/wp-content\\\/uploads\\\/2024\\\/08\\\/QM-4.png\",\"contentUrl\":\"https:\\\/\\\/labquimicamedica.com\\\/wp-content\\\/uploads\\\/2024\\\/08\\\/QM-4.png\",\"width\":636,\"height\":525,\"caption\":\"Laboratorio Qu\u00edmica M\u00e9dica\"},\"image\":{\"@id\":\"https:\\\/\\\/labquimicamedica.com\\\/#\\\/schema\\\/logo\\\/image\\\/\"},\"sameAs\":[\"https:\\\/\\\/www.facebook.com\\\/Lab.Quimicamedica\\\/?locale=es_LA\"]}]}<\/script>\n<!-- \/ Yoast SEO plugin. -->","yoast_head_json":{"title":"\u00c1cido L\u00e1ctico - Laboratorio Qu\u00edmica M\u00e9dica","robots":{"index":"index","follow":"follow","max-snippet":"max-snippet:-1","max-image-preview":"max-image-preview:large","max-video-preview":"max-video-preview:-1"},"canonical":"https:\/\/labquimicamedica.com\/index.php\/producto\/acido-lactic\/","og_locale":"es_MX","og_type":"article","og_title":"\u00c1cido L\u00e1ctico - Laboratorio Qu\u00edmica M\u00e9dica","og_description":"Metodolog\u00eda: \u00c1cido l\u00e1ctico a piruvato.  \u00c1cido L\u00e1ctico | C\u00f3digo QM007  Tiempo estimado de entrega: 24hrs.","og_url":"https:\/\/labquimicamedica.com\/index.php\/producto\/acido-lactic\/","og_site_name":"Laboratorio Qu\u00edmica M\u00e9dica","article_publisher":"https:\/\/www.facebook.com\/Lab.Quimicamedica\/?locale=es_LA","article_modified_time":"2024-09-04T23:51:15+00:00","og_image":[{"width":1000,"height":1000,"url":"https:\/\/labquimicamedica.com\/wp-content\/uploads\/2024\/08\/quimicaclinica1.png","type":"image\/png"}],"twitter_card":"summary_large_image","schema":{"@context":"https:\/\/schema.org","@graph":[{"@type":"WebPage","@id":"https:\/\/labquimicamedica.com\/index.php\/producto\/acido-lactic\/","url":"https:\/\/labquimicamedica.com\/index.php\/producto\/acido-lactic\/","name":"\u00c1cido L\u00e1ctico - Laboratorio Qu\u00edmica M\u00e9dica","isPartOf":{"@id":"https:\/\/labquimicamedica.com\/#website"},"primaryImageOfPage":{"@id":"https:\/\/labquimicamedica.com\/index.php\/producto\/acido-lactic\/#primaryimage"},"image":{"@id":"https:\/\/labquimicamedica.com\/index.php\/producto\/acido-lactic\/#primaryimage"},"thumbnailUrl":"https:\/\/labquimicamedica.com\/wp-content\/uploads\/2024\/08\/quimicaclinica1.png","datePublished":"2024-09-04T23:27:06+00:00","dateModified":"2024-09-04T23:51:15+00:00","breadcrumb":{"@id":"https:\/\/labquimicamedica.com\/index.php\/producto\/acido-lactic\/#breadcrumb"},"inLanguage":"es","potentialAction":[{"@type":"ReadAction","target":["https:\/\/labquimicamedica.com\/index.php\/producto\/acido-lactic\/"]}]},{"@type":"ImageObject","inLanguage":"es","@id":"https:\/\/labquimicamedica.com\/index.php\/producto\/acido-lactic\/#primaryimage","url":"https:\/\/labquimicamedica.com\/wp-content\/uploads\/2024\/08\/quimicaclinica1.png","contentUrl":"https:\/\/labquimicamedica.com\/wp-content\/uploads\/2024\/08\/quimicaclinica1.png","width":1000,"height":1000,"caption":"Qu\u00edmica Cl\u00ednica"},{"@type":"BreadcrumbList","@id":"https:\/\/labquimicamedica.com\/index.php\/producto\/acido-lactic\/#breadcrumb","itemListElement":[{"@type":"ListItem","position":1,"name":"Inicio","item":"https:\/\/labquimicamedica.com\/"},{"@type":"ListItem","position":2,"name":"Tienda","item":"https:\/\/labquimicamedica.com\/index.php\/tienda\/"},{"@type":"ListItem","position":3,"name":"\u00c1cido L\u00e1ctico"}]},{"@type":"WebSite","@id":"https:\/\/labquimicamedica.com\/#website","url":"https:\/\/labquimicamedica.com\/","name":"Laboratorio Qu\u00edmica M\u00e9dica","description":"QM","publisher":{"@id":"https:\/\/labquimicamedica.com\/#organization"},"potentialAction":[{"@type":"SearchAction","target":{"@type":"EntryPoint","urlTemplate":"https:\/\/labquimicamedica.com\/?s={search_term_string}"},"query-input":{"@type":"PropertyValueSpecification","valueRequired":true,"valueName":"search_term_string"}}],"inLanguage":"es"},{"@type":"Organization","@id":"https:\/\/labquimicamedica.com\/#organization","name":"Laboratorio Qu\u00edmica M\u00e9dica","url":"https:\/\/labquimicamedica.com\/","logo":{"@type":"ImageObject","inLanguage":"es","@id":"https:\/\/labquimicamedica.com\/#\/schema\/logo\/image\/","url":"https:\/\/labquimicamedica.com\/wp-content\/uploads\/2024\/08\/QM-4.png","contentUrl":"https:\/\/labquimicamedica.com\/wp-content\/uploads\/2024\/08\/QM-4.png","width":636,"height":525,"caption":"Laboratorio Qu\u00edmica M\u00e9dica"},"image":{"@id":"https:\/\/labquimicamedica.com\/#\/schema\/logo\/image\/"},"sameAs":["https:\/\/www.facebook.com\/Lab.Quimicamedica\/?locale=es_LA"]}]}},"_links":{"self":[{"href":"https:\/\/labquimicamedica.com\/index.php\/wp-json\/wp\/v2\/product\/3193","targetHints":{"allow":["GET"]}}],"collection":[{"href":"https:\/\/labquimicamedica.com\/index.php\/wp-json\/wp\/v2\/product"}],"about":[{"href":"https:\/\/labquimicamedica.com\/index.php\/wp-json\/wp\/v2\/types\/product"}],"replies":[{"embeddable":true,"href":"https:\/\/labquimicamedica.com\/index.php\/wp-json\/wp\/v2\/comments?post=3193"}],"version-history":[{"count":4,"href":"https:\/\/labquimicamedica.com\/index.php\/wp-json\/wp\/v2\/product\/3193\/revisions"}],"predecessor-version":[{"id":3208,"href":"https:\/\/labquimicamedica.com\/index.php\/wp-json\/wp\/v2\/product\/3193\/revisions\/3208"}],"wp:featuredmedia":[{"embeddable":true,"href":"https:\/\/labquimicamedica.com\/index.php\/wp-json\/wp\/v2\/media\/2446"}],"wp:attachment":[{"href":"https:\/\/labquimicamedica.com\/index.php\/wp-json\/wp\/v2\/media?parent=3193"}],"wp:term":[{"taxonomy":"product_brand","embeddable":true,"href":"https:\/\/labquimicamedica.com\/index.php\/wp-json\/wp\/v2\/product_brand?post=3193"},{"taxonomy":"product_cat","embeddable":true,"href":"https:\/\/labquimicamedica.com\/index.php\/wp-json\/wp\/v2\/product_cat?post=3193"},{"taxonomy":"product_tag","embeddable":true,"href":"https:\/\/labquimicamedica.com\/index.php\/wp-json\/wp\/v2\/product_tag?post=3193"}],"curies":[{"name":"wp","href":"https:\/\/api.w.org\/{rel}","templated":true}]}}