{"id":3140,"date":"2024-09-03T19:28:21","date_gmt":"2024-09-04T01:28:21","guid":{"rendered":"https:\/\/labquimicamedica.com\/?post_type=product&#038;p=3140"},"modified":"2024-09-03T19:29:20","modified_gmt":"2024-09-04T01:29:20","slug":"quimica-sanguinea-55-elementos","status":"publish","type":"product","link":"https:\/\/labquimicamedica.com\/index.php\/producto\/quimica-sanguinea-55-elementos\/","title":{"rendered":"Qu\u00edmica Sangu\u00ednea 55 elementos"},"content":{"rendered":"<p>Pruebas a realizar:<\/p>\n<ul>\n<li>\u00c1cido \u00darico<\/li>\n<li>Alb\u00famina<\/li>\n<li>Amilasa<\/li>\n<li>Ani\u00f3n Gap<\/li>\n<li>Antiestreptolisinas<\/li>\n<li>Aspecto del Suero<\/li>\n<li>Bilirrubinas<\/li>\n<li>Calcio<\/li>\n<li>Capacidad de Fijaci\u00f3n de Hierro<\/li>\n<li>Cloro<\/li>\n<li>Colesterol de Baja Densidad (LDL)<\/li>\n<li>Colesterol de Muy Baja Densidad (VLDL)<\/li>\n<li>Colesterol Total<\/li>\n<li>Colestrol de Alta Densidad (HDL)<\/li>\n<li>Creatinfosfoquinasa (CPK)<\/li>\n<li>Creatinfosfoquinasa Fracci\u00f3n MB<\/li>\n<li>Creatinina<\/li>\n<li>Deshidrogenasa L\u00e1ctica (LDH)<\/li>\n<li>Factor Reumatoide Cuantitativo<\/li>\n<li>Ferritina<\/li>\n<li>Fosfatasa Alcalina (ALP)<\/li>\n<li>F\u00f3sforo<\/li>\n<li>Gamaglutamiltranspeptidasa (GGT)<\/li>\n<li>Globulina<\/li>\n<li>Glucosa<\/li>\n<li>Hierro<\/li>\n<li>Hierro Libre (UIBC)<\/li>\n<li>Homa<\/li>\n<li>Hormona Estimulante de la Tiroides (TSH)<\/li>\n<li>\u00cdndice Aterog\u00e9nico<\/li>\n<li>\u00cdndice de Bilirrubinas<\/li>\n<li>\u00cdndice de Lipoprote\u00ednas<\/li>\n<li>\u00cdndice Lipasa\/Amilasa<\/li>\n<li>Inmunoglobulina A<\/li>\n<li>Inmunoglobulina E<\/li>\n<li>Inmunoglobulina G<\/li>\n<li>Inmunoglobulina M<\/li>\n<li>Insulina<\/li>\n<li>Lipasa<\/li>\n<li>L\u00edpidos Totales<\/li>\n<li>Magnesio<\/li>\n<li>Nitr\u00f3geno Ureico (BUN)<\/li>\n<li>Osmolaridad S\u00e9rica<\/li>\n<li>Perfil de Hemoglobina A1c<\/li>\n<li>Glucosa Promedio Derivada de HbA1c<\/li>\n<li>Hemoglobina Glicosilada A1c<\/li>\n<li>Potasio<\/li>\n<li>Prote\u00edna C Reactiva Cuantitativa<\/li>\n<li>Prote\u00ednas Totales<\/li>\n<li>Relaci\u00f3n A\/G<\/li>\n<li>Relaci\u00f3n BUN\/Creatinina<\/li>\n<li>Saturaci\u00f3n de Hierro<\/li>\n<li>Sodio<\/li>\n<li>T3 Total<\/li>\n<li>T4 Libre<\/li>\n<li>Transaminasa Glut\u00e1mico Oxalac\u00e9tica (TGO \/ AST<\/li>\n<li>Transaminasa Glut\u00e1mico Pir\u00favica (TGP \/ ALT)<\/li>\n<li>Transferrina<\/li>\n<li>Triglic\u00e9ridos<\/li>\n<li>Urea<\/li>\n<\/ul>\n","protected":false},"excerpt":{"rendered":"<p><strong class=\"x-el x-el-span c2-5t c2-4d c2-3 c2-9n c2-s c2-i c2-9o\">Instrucciones para la toma de muestra:<\/strong> Ayuno m\u00ednimo de 8hrs. previas a toma de muestra y no rebasar las 16hrs.<\/p>\n<p><strong class=\"x-el x-el-span c2-5t c2-4d c2-3 c2-9n c2-s c2-i c2-9o\">Tiempo estimado de entrega:\u00a0<\/strong>24 horas<\/p>\n","protected":false},"featured_media":2446,"comment_status":"open","ping_status":"closed","template":"","meta":{"_acf_changed":false,"inline_featured_image":false,"postBodyCss":"","postBodyMargin":[],"postBodyPadding":[],"postBodyBackground":{"backgroundType":"classic","gradient":""}},"product_brand":[],"product_cat":[57],"product_tag":[72],"class_list":{"0":"post-3140","1":"product","2":"type-product","3":"status-publish","4":"has-post-thumbnail","6":"product_cat-quimica-clinica","7":"product_tag-quimica-clinica","9":"first","10":"instock","11":"virtual","12":"taxable","13":"purchasable","14":"product-type-simple"},"acf":[],"yoast_head":"<!-- This site is optimized with the Yoast SEO plugin v27.4 - https:\/\/yoast.com\/product\/yoast-seo-wordpress\/ -->\n<title>Qu\u00edmica Sangu\u00ednea 55 elementos - Laboratorio Qu\u00edmica M\u00e9dica<\/title>\n<meta name=\"robots\" content=\"index, follow, max-snippet:-1, max-image-preview:large, max-video-preview:-1\" \/>\n<link rel=\"canonical\" href=\"https:\/\/labquimicamedica.com\/index.php\/producto\/quimica-sanguinea-55-elementos\/\" \/>\n<meta property=\"og:locale\" content=\"es_MX\" \/>\n<meta property=\"og:type\" content=\"article\" \/>\n<meta property=\"og:title\" content=\"Qu\u00edmica Sangu\u00ednea 55 elementos - Laboratorio Qu\u00edmica M\u00e9dica\" \/>\n<meta property=\"og:description\" content=\"Instrucciones para la toma de muestra: Ayuno m\u00ednimo de 8hrs. previas a toma de muestra y no rebasar las 16hrs.  Tiempo estimado de entrega:\u00a024 horas\" \/>\n<meta property=\"og:url\" content=\"https:\/\/labquimicamedica.com\/index.php\/producto\/quimica-sanguinea-55-elementos\/\" \/>\n<meta property=\"og:site_name\" content=\"Laboratorio Qu\u00edmica M\u00e9dica\" \/>\n<meta property=\"article:publisher\" content=\"https:\/\/www.facebook.com\/Lab.Quimicamedica\/?locale=es_LA\" \/>\n<meta property=\"article:modified_time\" content=\"2024-09-04T01:29:20+00:00\" \/>\n<meta property=\"og:image\" content=\"https:\/\/labquimicamedica.com\/wp-content\/uploads\/2024\/08\/quimicaclinica1.png\" \/>\n\t<meta property=\"og:image:width\" content=\"1000\" \/>\n\t<meta property=\"og:image:height\" content=\"1000\" \/>\n\t<meta property=\"og:image:type\" content=\"image\/png\" \/>\n<meta name=\"twitter:card\" content=\"summary_large_image\" \/>\n<meta name=\"twitter:label1\" content=\"Tiempo de lectura\" \/>\n\t<meta name=\"twitter:data1\" content=\"1 minuto\" \/>\n<script type=\"application\/ld+json\" class=\"yoast-schema-graph\">{\"@context\":\"https:\\\/\\\/schema.org\",\"@graph\":[{\"@type\":\"WebPage\",\"@id\":\"https:\\\/\\\/labquimicamedica.com\\\/index.php\\\/producto\\\/quimica-sanguinea-55-elementos\\\/\",\"url\":\"https:\\\/\\\/labquimicamedica.com\\\/index.php\\\/producto\\\/quimica-sanguinea-55-elementos\\\/\",\"name\":\"Qu\u00edmica Sangu\u00ednea 55 elementos - Laboratorio Qu\u00edmica M\u00e9dica\",\"isPartOf\":{\"@id\":\"https:\\\/\\\/labquimicamedica.com\\\/#website\"},\"primaryImageOfPage\":{\"@id\":\"https:\\\/\\\/labquimicamedica.com\\\/index.php\\\/producto\\\/quimica-sanguinea-55-elementos\\\/#primaryimage\"},\"image\":{\"@id\":\"https:\\\/\\\/labquimicamedica.com\\\/index.php\\\/producto\\\/quimica-sanguinea-55-elementos\\\/#primaryimage\"},\"thumbnailUrl\":\"https:\\\/\\\/labquimicamedica.com\\\/wp-content\\\/uploads\\\/2024\\\/08\\\/quimicaclinica1.png\",\"datePublished\":\"2024-09-04T01:28:21+00:00\",\"dateModified\":\"2024-09-04T01:29:20+00:00\",\"breadcrumb\":{\"@id\":\"https:\\\/\\\/labquimicamedica.com\\\/index.php\\\/producto\\\/quimica-sanguinea-55-elementos\\\/#breadcrumb\"},\"inLanguage\":\"es\",\"potentialAction\":[{\"@type\":\"ReadAction\",\"target\":[\"https:\\\/\\\/labquimicamedica.com\\\/index.php\\\/producto\\\/quimica-sanguinea-55-elementos\\\/\"]}]},{\"@type\":\"ImageObject\",\"inLanguage\":\"es\",\"@id\":\"https:\\\/\\\/labquimicamedica.com\\\/index.php\\\/producto\\\/quimica-sanguinea-55-elementos\\\/#primaryimage\",\"url\":\"https:\\\/\\\/labquimicamedica.com\\\/wp-content\\\/uploads\\\/2024\\\/08\\\/quimicaclinica1.png\",\"contentUrl\":\"https:\\\/\\\/labquimicamedica.com\\\/wp-content\\\/uploads\\\/2024\\\/08\\\/quimicaclinica1.png\",\"width\":1000,\"height\":1000,\"caption\":\"Qu\u00edmica Cl\u00ednica\"},{\"@type\":\"BreadcrumbList\",\"@id\":\"https:\\\/\\\/labquimicamedica.com\\\/index.php\\\/producto\\\/quimica-sanguinea-55-elementos\\\/#breadcrumb\",\"itemListElement\":[{\"@type\":\"ListItem\",\"position\":1,\"name\":\"Inicio\",\"item\":\"https:\\\/\\\/labquimicamedica.com\\\/\"},{\"@type\":\"ListItem\",\"position\":2,\"name\":\"Tienda\",\"item\":\"https:\\\/\\\/labquimicamedica.com\\\/index.php\\\/tienda\\\/\"},{\"@type\":\"ListItem\",\"position\":3,\"name\":\"Qu\u00edmica Sangu\u00ednea 55 elementos\"}]},{\"@type\":\"WebSite\",\"@id\":\"https:\\\/\\\/labquimicamedica.com\\\/#website\",\"url\":\"https:\\\/\\\/labquimicamedica.com\\\/\",\"name\":\"Laboratorio Qu\u00edmica M\u00e9dica\",\"description\":\"QM\",\"publisher\":{\"@id\":\"https:\\\/\\\/labquimicamedica.com\\\/#organization\"},\"potentialAction\":[{\"@type\":\"SearchAction\",\"target\":{\"@type\":\"EntryPoint\",\"urlTemplate\":\"https:\\\/\\\/labquimicamedica.com\\\/?s={search_term_string}\"},\"query-input\":{\"@type\":\"PropertyValueSpecification\",\"valueRequired\":true,\"valueName\":\"search_term_string\"}}],\"inLanguage\":\"es\"},{\"@type\":\"Organization\",\"@id\":\"https:\\\/\\\/labquimicamedica.com\\\/#organization\",\"name\":\"Laboratorio Qu\u00edmica M\u00e9dica\",\"url\":\"https:\\\/\\\/labquimicamedica.com\\\/\",\"logo\":{\"@type\":\"ImageObject\",\"inLanguage\":\"es\",\"@id\":\"https:\\\/\\\/labquimicamedica.com\\\/#\\\/schema\\\/logo\\\/image\\\/\",\"url\":\"https:\\\/\\\/labquimicamedica.com\\\/wp-content\\\/uploads\\\/2024\\\/08\\\/QM-4.png\",\"contentUrl\":\"https:\\\/\\\/labquimicamedica.com\\\/wp-content\\\/uploads\\\/2024\\\/08\\\/QM-4.png\",\"width\":636,\"height\":525,\"caption\":\"Laboratorio Qu\u00edmica M\u00e9dica\"},\"image\":{\"@id\":\"https:\\\/\\\/labquimicamedica.com\\\/#\\\/schema\\\/logo\\\/image\\\/\"},\"sameAs\":[\"https:\\\/\\\/www.facebook.com\\\/Lab.Quimicamedica\\\/?locale=es_LA\"]}]}<\/script>\n<!-- \/ Yoast SEO plugin. -->","yoast_head_json":{"title":"Qu\u00edmica Sangu\u00ednea 55 elementos - Laboratorio Qu\u00edmica M\u00e9dica","robots":{"index":"index","follow":"follow","max-snippet":"max-snippet:-1","max-image-preview":"max-image-preview:large","max-video-preview":"max-video-preview:-1"},"canonical":"https:\/\/labquimicamedica.com\/index.php\/producto\/quimica-sanguinea-55-elementos\/","og_locale":"es_MX","og_type":"article","og_title":"Qu\u00edmica Sangu\u00ednea 55 elementos - Laboratorio Qu\u00edmica M\u00e9dica","og_description":"Instrucciones para la toma de muestra: Ayuno m\u00ednimo de 8hrs. previas a toma de muestra y no rebasar las 16hrs.  Tiempo estimado de entrega:\u00a024 horas","og_url":"https:\/\/labquimicamedica.com\/index.php\/producto\/quimica-sanguinea-55-elementos\/","og_site_name":"Laboratorio Qu\u00edmica M\u00e9dica","article_publisher":"https:\/\/www.facebook.com\/Lab.Quimicamedica\/?locale=es_LA","article_modified_time":"2024-09-04T01:29:20+00:00","og_image":[{"width":1000,"height":1000,"url":"https:\/\/labquimicamedica.com\/wp-content\/uploads\/2024\/08\/quimicaclinica1.png","type":"image\/png"}],"twitter_card":"summary_large_image","twitter_misc":{"Tiempo de lectura":"1 minuto"},"schema":{"@context":"https:\/\/schema.org","@graph":[{"@type":"WebPage","@id":"https:\/\/labquimicamedica.com\/index.php\/producto\/quimica-sanguinea-55-elementos\/","url":"https:\/\/labquimicamedica.com\/index.php\/producto\/quimica-sanguinea-55-elementos\/","name":"Qu\u00edmica Sangu\u00ednea 55 elementos - Laboratorio Qu\u00edmica M\u00e9dica","isPartOf":{"@id":"https:\/\/labquimicamedica.com\/#website"},"primaryImageOfPage":{"@id":"https:\/\/labquimicamedica.com\/index.php\/producto\/quimica-sanguinea-55-elementos\/#primaryimage"},"image":{"@id":"https:\/\/labquimicamedica.com\/index.php\/producto\/quimica-sanguinea-55-elementos\/#primaryimage"},"thumbnailUrl":"https:\/\/labquimicamedica.com\/wp-content\/uploads\/2024\/08\/quimicaclinica1.png","datePublished":"2024-09-04T01:28:21+00:00","dateModified":"2024-09-04T01:29:20+00:00","breadcrumb":{"@id":"https:\/\/labquimicamedica.com\/index.php\/producto\/quimica-sanguinea-55-elementos\/#breadcrumb"},"inLanguage":"es","potentialAction":[{"@type":"ReadAction","target":["https:\/\/labquimicamedica.com\/index.php\/producto\/quimica-sanguinea-55-elementos\/"]}]},{"@type":"ImageObject","inLanguage":"es","@id":"https:\/\/labquimicamedica.com\/index.php\/producto\/quimica-sanguinea-55-elementos\/#primaryimage","url":"https:\/\/labquimicamedica.com\/wp-content\/uploads\/2024\/08\/quimicaclinica1.png","contentUrl":"https:\/\/labquimicamedica.com\/wp-content\/uploads\/2024\/08\/quimicaclinica1.png","width":1000,"height":1000,"caption":"Qu\u00edmica Cl\u00ednica"},{"@type":"BreadcrumbList","@id":"https:\/\/labquimicamedica.com\/index.php\/producto\/quimica-sanguinea-55-elementos\/#breadcrumb","itemListElement":[{"@type":"ListItem","position":1,"name":"Inicio","item":"https:\/\/labquimicamedica.com\/"},{"@type":"ListItem","position":2,"name":"Tienda","item":"https:\/\/labquimicamedica.com\/index.php\/tienda\/"},{"@type":"ListItem","position":3,"name":"Qu\u00edmica Sangu\u00ednea 55 elementos"}]},{"@type":"WebSite","@id":"https:\/\/labquimicamedica.com\/#website","url":"https:\/\/labquimicamedica.com\/","name":"Laboratorio Qu\u00edmica M\u00e9dica","description":"QM","publisher":{"@id":"https:\/\/labquimicamedica.com\/#organization"},"potentialAction":[{"@type":"SearchAction","target":{"@type":"EntryPoint","urlTemplate":"https:\/\/labquimicamedica.com\/?s={search_term_string}"},"query-input":{"@type":"PropertyValueSpecification","valueRequired":true,"valueName":"search_term_string"}}],"inLanguage":"es"},{"@type":"Organization","@id":"https:\/\/labquimicamedica.com\/#organization","name":"Laboratorio Qu\u00edmica M\u00e9dica","url":"https:\/\/labquimicamedica.com\/","logo":{"@type":"ImageObject","inLanguage":"es","@id":"https:\/\/labquimicamedica.com\/#\/schema\/logo\/image\/","url":"https:\/\/labquimicamedica.com\/wp-content\/uploads\/2024\/08\/QM-4.png","contentUrl":"https:\/\/labquimicamedica.com\/wp-content\/uploads\/2024\/08\/QM-4.png","width":636,"height":525,"caption":"Laboratorio Qu\u00edmica M\u00e9dica"},"image":{"@id":"https:\/\/labquimicamedica.com\/#\/schema\/logo\/image\/"},"sameAs":["https:\/\/www.facebook.com\/Lab.Quimicamedica\/?locale=es_LA"]}]}},"_links":{"self":[{"href":"https:\/\/labquimicamedica.com\/index.php\/wp-json\/wp\/v2\/product\/3140","targetHints":{"allow":["GET"]}}],"collection":[{"href":"https:\/\/labquimicamedica.com\/index.php\/wp-json\/wp\/v2\/product"}],"about":[{"href":"https:\/\/labquimicamedica.com\/index.php\/wp-json\/wp\/v2\/types\/product"}],"replies":[{"embeddable":true,"href":"https:\/\/labquimicamedica.com\/index.php\/wp-json\/wp\/v2\/comments?post=3140"}],"version-history":[{"count":1,"href":"https:\/\/labquimicamedica.com\/index.php\/wp-json\/wp\/v2\/product\/3140\/revisions"}],"predecessor-version":[{"id":3141,"href":"https:\/\/labquimicamedica.com\/index.php\/wp-json\/wp\/v2\/product\/3140\/revisions\/3141"}],"wp:featuredmedia":[{"embeddable":true,"href":"https:\/\/labquimicamedica.com\/index.php\/wp-json\/wp\/v2\/media\/2446"}],"wp:attachment":[{"href":"https:\/\/labquimicamedica.com\/index.php\/wp-json\/wp\/v2\/media?parent=3140"}],"wp:term":[{"taxonomy":"product_brand","embeddable":true,"href":"https:\/\/labquimicamedica.com\/index.php\/wp-json\/wp\/v2\/product_brand?post=3140"},{"taxonomy":"product_cat","embeddable":true,"href":"https:\/\/labquimicamedica.com\/index.php\/wp-json\/wp\/v2\/product_cat?post=3140"},{"taxonomy":"product_tag","embeddable":true,"href":"https:\/\/labquimicamedica.com\/index.php\/wp-json\/wp\/v2\/product_tag?post=3140"}],"curies":[{"name":"wp","href":"https:\/\/api.w.org\/{rel}","templated":true}]}}