{"id":2858,"date":"2024-08-27T12:59:45","date_gmt":"2024-08-27T18:59:45","guid":{"rendered":"https:\/\/labquimicamedica.com\/?post_type=product&#038;p=2858"},"modified":"2024-11-01T00:06:55","modified_gmt":"2024-11-01T06:06:55","slug":"check-up-50","status":"publish","type":"product","link":"https:\/\/labquimicamedica.com\/index.php\/producto\/check-up-50\/","title":{"rendered":"Check Up 50"},"content":{"rendered":"<p>Estudio cl\u00ednico que incluye<\/p>\n<ul>\n<li>Biometr\u00eda Hem\u00e1tica<\/li>\n<li>Examen general de orina<\/li>\n<li>Qu\u00edmica Sangu\u00ednea 6 elementos<\/li>\n<\/ul>\n<table width=\"502\">\n<tbody>\n<tr>\n<td width=\"502\">\u00c1cido \u00darico<\/td>\n<\/tr>\n<tr>\n<td>Alb\u00famina<\/td>\n<\/tr>\n<tr>\n<td>Amilasa<\/td>\n<\/tr>\n<tr>\n<td>Antiestreptolisinas<\/td>\n<\/tr>\n<tr>\n<td>Aspecto del Suero<\/td>\n<\/tr>\n<tr>\n<td>Bilirrubinas<\/td>\n<\/tr>\n<tr>\n<td>Calcio<\/td>\n<\/tr>\n<tr>\n<td>Capacidad de Fijaci\u00f3n de Hierro<\/td>\n<\/tr>\n<tr>\n<td>Cloro<\/td>\n<\/tr>\n<tr>\n<td>Colesterol de Baja Densidad (LDL)<\/td>\n<\/tr>\n<tr>\n<td>Colesterol de Muy Baja Densidad (VLDL)<\/td>\n<\/tr>\n<tr>\n<td>Colesterol Total<\/td>\n<\/tr>\n<tr>\n<td>Colestrol de Alta Densidad (HDL)<\/td>\n<\/tr>\n<tr>\n<td>Creatinfosfoquinasa (CPK)<\/td>\n<\/tr>\n<tr>\n<td>CREATININA EN SUERO<\/td>\n<\/tr>\n<tr>\n<td>Deshidrogenasa L\u00e1ctica (LDH)<\/td>\n<\/tr>\n<tr>\n<td>Factor Reumatoide Cuantitativo<\/td>\n<\/tr>\n<tr>\n<td>Ferritina<\/td>\n<\/tr>\n<tr>\n<td>Fosfatasa Alcalina (ALP)<\/td>\n<\/tr>\n<tr>\n<td>F\u00f3sforo<\/td>\n<\/tr>\n<tr>\n<td>Gamaglutamiltranspeptidasa (GGT)<\/td>\n<\/tr>\n<tr>\n<td>Globulina<\/td>\n<\/tr>\n<tr>\n<td>GLUCOSA EN SUERO (SERICA)<\/td>\n<\/tr>\n<tr>\n<td>Hierro<\/td>\n<\/tr>\n<tr>\n<td>Hierro Libre (UIBC)<\/td>\n<\/tr>\n<tr>\n<td>Homa<\/td>\n<\/tr>\n<tr>\n<td>Hormona Estimulante de la Tiroides (TSH)<\/td>\n<\/tr>\n<tr>\n<td>\u00cdndice Aterog\u00e9nico<\/td>\n<\/tr>\n<tr>\n<td>\u00cdndice Lipasa\/Amilasa<\/td>\n<\/tr>\n<tr>\n<td>Inmunoglobulina A<\/td>\n<\/tr>\n<tr>\n<td>Inmunoglobulina G<\/td>\n<\/tr>\n<tr>\n<td>Inmunoglobulina M<\/td>\n<\/tr>\n<tr>\n<td>Insulina<\/td>\n<\/tr>\n<tr>\n<td>Lipasa<\/td>\n<\/tr>\n<tr>\n<td>L\u00edpidos Totales<\/td>\n<\/tr>\n<tr>\n<td>Magnesio<\/td>\n<\/tr>\n<tr>\n<td>Nitr\u00f3geno Ureico (BUN)<\/td>\n<\/tr>\n<tr>\n<td>Potasio<\/td>\n<\/tr>\n<tr>\n<td>Prote\u00edna C Reactiva Cuantitativa<\/td>\n<\/tr>\n<tr>\n<td>Prote\u00ednas Totales<\/td>\n<\/tr>\n<tr>\n<td>Relaci\u00f3n A\/G<\/td>\n<\/tr>\n<tr>\n<td>RELACION BUN \/ CREATININA SERICA<\/td>\n<\/tr>\n<tr>\n<td>Sodio<\/td>\n<\/tr>\n<tr>\n<td>T3 Total<\/td>\n<\/tr>\n<tr>\n<td>T4 Total<\/td>\n<\/tr>\n<tr>\n<td>Transaminasa Glut\u00e1mico Oxalac\u00e9tica (TGO \/ AST<\/td>\n<\/tr>\n<tr>\n<td>Transaminasa Glut\u00e1mico Pir\u00favica (TGP \/ ALT)<\/td>\n<\/tr>\n<tr>\n<td>Transferrina<\/td>\n<\/tr>\n<tr>\n<td>Triglic\u00e9ridos<\/td>\n<\/tr>\n<tr>\n<td>Urea<\/td>\n<\/tr>\n<\/tbody>\n<\/table>\n<p>Ayuno de 8 horas<br \/>\nPrimera orina de la ma\u00f1ana, recolectar en vaso copro est\u00e9ril.<\/p>\n","protected":false},"excerpt":{"rendered":"<p>Biometr\u00eda Hem\u00e1tica<br \/>\nExamen general de orina<br \/>\nQu\u00edmica Sangu\u00ednea 50 elementos<\/p>\n","protected":false},"featured_media":1222,"comment_status":"open","ping_status":"closed","template":"","meta":{"_acf_changed":false,"inline_featured_image":false,"postBodyCss":"","postBodyMargin":[],"postBodyPadding":[],"postBodyBackground":{"backgroundType":"classic","gradient":""}},"product_brand":[],"product_cat":[58,57,62],"product_tag":[59,72,63],"class_list":{"0":"post-2858","1":"product","2":"type-product","3":"status-publish","4":"has-post-thumbnail","6":"product_cat-hematologia","7":"product_cat-quimica-clinica","8":"product_cat-uroanalisis","9":"product_tag-hematologia","10":"product_tag-quimica-clinica","11":"product_tag-uroanalisis","13":"first","14":"instock","15":"virtual","16":"taxable","17":"purchasable","18":"product-type-simple"},"acf":[],"yoast_head":"<!-- This site is optimized with the Yoast SEO plugin v27.4 - https:\/\/yoast.com\/product\/yoast-seo-wordpress\/ -->\n<title>Check Up 50 - Laboratorio Qu\u00edmica M\u00e9dica<\/title>\n<meta name=\"robots\" content=\"index, follow, max-snippet:-1, max-image-preview:large, max-video-preview:-1\" \/>\n<link rel=\"canonical\" href=\"https:\/\/labquimicamedica.com\/index.php\/producto\/check-up-50\/\" \/>\n<meta property=\"og:locale\" content=\"es_MX\" \/>\n<meta property=\"og:type\" content=\"article\" \/>\n<meta property=\"og:title\" content=\"Check Up 50 - Laboratorio Qu\u00edmica M\u00e9dica\" \/>\n<meta property=\"og:description\" content=\"Biometr\u00eda Hem\u00e1tica Examen general de orina Qu\u00edmica Sangu\u00ednea 50 elementos\" \/>\n<meta property=\"og:url\" content=\"https:\/\/labquimicamedica.com\/index.php\/producto\/check-up-50\/\" \/>\n<meta property=\"og:site_name\" content=\"Laboratorio Qu\u00edmica M\u00e9dica\" \/>\n<meta property=\"article:publisher\" content=\"https:\/\/www.facebook.com\/Lab.Quimicamedica\/?locale=es_LA\" \/>\n<meta property=\"article:modified_time\" content=\"2024-11-01T06:06:55+00:00\" \/>\n<meta property=\"og:image\" content=\"https:\/\/labquimicamedica.com\/wp-content\/uploads\/2023\/01\/01-5-1.jpg\" \/>\n\t<meta property=\"og:image:width\" content=\"1200\" \/>\n\t<meta property=\"og:image:height\" content=\"1500\" \/>\n\t<meta property=\"og:image:type\" content=\"image\/jpeg\" \/>\n<meta name=\"twitter:card\" content=\"summary_large_image\" \/>\n<meta name=\"twitter:label1\" content=\"Tiempo de lectura\" \/>\n\t<meta name=\"twitter:data1\" content=\"1 minuto\" \/>\n<script type=\"application\/ld+json\" class=\"yoast-schema-graph\">{\"@context\":\"https:\\\/\\\/schema.org\",\"@graph\":[{\"@type\":\"WebPage\",\"@id\":\"https:\\\/\\\/labquimicamedica.com\\\/index.php\\\/producto\\\/check-up-50\\\/\",\"url\":\"https:\\\/\\\/labquimicamedica.com\\\/index.php\\\/producto\\\/check-up-50\\\/\",\"name\":\"Check Up 50 - Laboratorio Qu\u00edmica M\u00e9dica\",\"isPartOf\":{\"@id\":\"https:\\\/\\\/labquimicamedica.com\\\/#website\"},\"primaryImageOfPage\":{\"@id\":\"https:\\\/\\\/labquimicamedica.com\\\/index.php\\\/producto\\\/check-up-50\\\/#primaryimage\"},\"image\":{\"@id\":\"https:\\\/\\\/labquimicamedica.com\\\/index.php\\\/producto\\\/check-up-50\\\/#primaryimage\"},\"thumbnailUrl\":\"https:\\\/\\\/labquimicamedica.com\\\/wp-content\\\/uploads\\\/2023\\\/01\\\/01-5-1.jpg\",\"datePublished\":\"2024-08-27T18:59:45+00:00\",\"dateModified\":\"2024-11-01T06:06:55+00:00\",\"breadcrumb\":{\"@id\":\"https:\\\/\\\/labquimicamedica.com\\\/index.php\\\/producto\\\/check-up-50\\\/#breadcrumb\"},\"inLanguage\":\"es\",\"potentialAction\":[{\"@type\":\"ReadAction\",\"target\":[\"https:\\\/\\\/labquimicamedica.com\\\/index.php\\\/producto\\\/check-up-50\\\/\"]}]},{\"@type\":\"ImageObject\",\"inLanguage\":\"es\",\"@id\":\"https:\\\/\\\/labquimicamedica.com\\\/index.php\\\/producto\\\/check-up-50\\\/#primaryimage\",\"url\":\"https:\\\/\\\/labquimicamedica.com\\\/wp-content\\\/uploads\\\/2023\\\/01\\\/01-5-1.jpg\",\"contentUrl\":\"https:\\\/\\\/labquimicamedica.com\\\/wp-content\\\/uploads\\\/2023\\\/01\\\/01-5-1.jpg\",\"width\":1200,\"height\":1500},{\"@type\":\"BreadcrumbList\",\"@id\":\"https:\\\/\\\/labquimicamedica.com\\\/index.php\\\/producto\\\/check-up-50\\\/#breadcrumb\",\"itemListElement\":[{\"@type\":\"ListItem\",\"position\":1,\"name\":\"Inicio\",\"item\":\"https:\\\/\\\/labquimicamedica.com\\\/\"},{\"@type\":\"ListItem\",\"position\":2,\"name\":\"Tienda\",\"item\":\"https:\\\/\\\/labquimicamedica.com\\\/index.php\\\/tienda\\\/\"},{\"@type\":\"ListItem\",\"position\":3,\"name\":\"Check Up 50\"}]},{\"@type\":\"WebSite\",\"@id\":\"https:\\\/\\\/labquimicamedica.com\\\/#website\",\"url\":\"https:\\\/\\\/labquimicamedica.com\\\/\",\"name\":\"Laboratorio Qu\u00edmica M\u00e9dica\",\"description\":\"QM\",\"publisher\":{\"@id\":\"https:\\\/\\\/labquimicamedica.com\\\/#organization\"},\"potentialAction\":[{\"@type\":\"SearchAction\",\"target\":{\"@type\":\"EntryPoint\",\"urlTemplate\":\"https:\\\/\\\/labquimicamedica.com\\\/?s={search_term_string}\"},\"query-input\":{\"@type\":\"PropertyValueSpecification\",\"valueRequired\":true,\"valueName\":\"search_term_string\"}}],\"inLanguage\":\"es\"},{\"@type\":\"Organization\",\"@id\":\"https:\\\/\\\/labquimicamedica.com\\\/#organization\",\"name\":\"Laboratorio Qu\u00edmica M\u00e9dica\",\"url\":\"https:\\\/\\\/labquimicamedica.com\\\/\",\"logo\":{\"@type\":\"ImageObject\",\"inLanguage\":\"es\",\"@id\":\"https:\\\/\\\/labquimicamedica.com\\\/#\\\/schema\\\/logo\\\/image\\\/\",\"url\":\"https:\\\/\\\/labquimicamedica.com\\\/wp-content\\\/uploads\\\/2024\\\/08\\\/QM-4.png\",\"contentUrl\":\"https:\\\/\\\/labquimicamedica.com\\\/wp-content\\\/uploads\\\/2024\\\/08\\\/QM-4.png\",\"width\":636,\"height\":525,\"caption\":\"Laboratorio Qu\u00edmica M\u00e9dica\"},\"image\":{\"@id\":\"https:\\\/\\\/labquimicamedica.com\\\/#\\\/schema\\\/logo\\\/image\\\/\"},\"sameAs\":[\"https:\\\/\\\/www.facebook.com\\\/Lab.Quimicamedica\\\/?locale=es_LA\"]}]}<\/script>\n<!-- \/ Yoast SEO plugin. -->","yoast_head_json":{"title":"Check Up 50 - Laboratorio Qu\u00edmica M\u00e9dica","robots":{"index":"index","follow":"follow","max-snippet":"max-snippet:-1","max-image-preview":"max-image-preview:large","max-video-preview":"max-video-preview:-1"},"canonical":"https:\/\/labquimicamedica.com\/index.php\/producto\/check-up-50\/","og_locale":"es_MX","og_type":"article","og_title":"Check Up 50 - Laboratorio Qu\u00edmica M\u00e9dica","og_description":"Biometr\u00eda Hem\u00e1tica Examen general de orina Qu\u00edmica Sangu\u00ednea 50 elementos","og_url":"https:\/\/labquimicamedica.com\/index.php\/producto\/check-up-50\/","og_site_name":"Laboratorio Qu\u00edmica M\u00e9dica","article_publisher":"https:\/\/www.facebook.com\/Lab.Quimicamedica\/?locale=es_LA","article_modified_time":"2024-11-01T06:06:55+00:00","og_image":[{"width":1200,"height":1500,"url":"https:\/\/labquimicamedica.com\/wp-content\/uploads\/2023\/01\/01-5-1.jpg","type":"image\/jpeg"}],"twitter_card":"summary_large_image","twitter_misc":{"Tiempo de lectura":"1 minuto"},"schema":{"@context":"https:\/\/schema.org","@graph":[{"@type":"WebPage","@id":"https:\/\/labquimicamedica.com\/index.php\/producto\/check-up-50\/","url":"https:\/\/labquimicamedica.com\/index.php\/producto\/check-up-50\/","name":"Check Up 50 - Laboratorio Qu\u00edmica M\u00e9dica","isPartOf":{"@id":"https:\/\/labquimicamedica.com\/#website"},"primaryImageOfPage":{"@id":"https:\/\/labquimicamedica.com\/index.php\/producto\/check-up-50\/#primaryimage"},"image":{"@id":"https:\/\/labquimicamedica.com\/index.php\/producto\/check-up-50\/#primaryimage"},"thumbnailUrl":"https:\/\/labquimicamedica.com\/wp-content\/uploads\/2023\/01\/01-5-1.jpg","datePublished":"2024-08-27T18:59:45+00:00","dateModified":"2024-11-01T06:06:55+00:00","breadcrumb":{"@id":"https:\/\/labquimicamedica.com\/index.php\/producto\/check-up-50\/#breadcrumb"},"inLanguage":"es","potentialAction":[{"@type":"ReadAction","target":["https:\/\/labquimicamedica.com\/index.php\/producto\/check-up-50\/"]}]},{"@type":"ImageObject","inLanguage":"es","@id":"https:\/\/labquimicamedica.com\/index.php\/producto\/check-up-50\/#primaryimage","url":"https:\/\/labquimicamedica.com\/wp-content\/uploads\/2023\/01\/01-5-1.jpg","contentUrl":"https:\/\/labquimicamedica.com\/wp-content\/uploads\/2023\/01\/01-5-1.jpg","width":1200,"height":1500},{"@type":"BreadcrumbList","@id":"https:\/\/labquimicamedica.com\/index.php\/producto\/check-up-50\/#breadcrumb","itemListElement":[{"@type":"ListItem","position":1,"name":"Inicio","item":"https:\/\/labquimicamedica.com\/"},{"@type":"ListItem","position":2,"name":"Tienda","item":"https:\/\/labquimicamedica.com\/index.php\/tienda\/"},{"@type":"ListItem","position":3,"name":"Check Up 50"}]},{"@type":"WebSite","@id":"https:\/\/labquimicamedica.com\/#website","url":"https:\/\/labquimicamedica.com\/","name":"Laboratorio Qu\u00edmica M\u00e9dica","description":"QM","publisher":{"@id":"https:\/\/labquimicamedica.com\/#organization"},"potentialAction":[{"@type":"SearchAction","target":{"@type":"EntryPoint","urlTemplate":"https:\/\/labquimicamedica.com\/?s={search_term_string}"},"query-input":{"@type":"PropertyValueSpecification","valueRequired":true,"valueName":"search_term_string"}}],"inLanguage":"es"},{"@type":"Organization","@id":"https:\/\/labquimicamedica.com\/#organization","name":"Laboratorio Qu\u00edmica M\u00e9dica","url":"https:\/\/labquimicamedica.com\/","logo":{"@type":"ImageObject","inLanguage":"es","@id":"https:\/\/labquimicamedica.com\/#\/schema\/logo\/image\/","url":"https:\/\/labquimicamedica.com\/wp-content\/uploads\/2024\/08\/QM-4.png","contentUrl":"https:\/\/labquimicamedica.com\/wp-content\/uploads\/2024\/08\/QM-4.png","width":636,"height":525,"caption":"Laboratorio Qu\u00edmica M\u00e9dica"},"image":{"@id":"https:\/\/labquimicamedica.com\/#\/schema\/logo\/image\/"},"sameAs":["https:\/\/www.facebook.com\/Lab.Quimicamedica\/?locale=es_LA"]}]}},"_links":{"self":[{"href":"https:\/\/labquimicamedica.com\/index.php\/wp-json\/wp\/v2\/product\/2858","targetHints":{"allow":["GET"]}}],"collection":[{"href":"https:\/\/labquimicamedica.com\/index.php\/wp-json\/wp\/v2\/product"}],"about":[{"href":"https:\/\/labquimicamedica.com\/index.php\/wp-json\/wp\/v2\/types\/product"}],"replies":[{"embeddable":true,"href":"https:\/\/labquimicamedica.com\/index.php\/wp-json\/wp\/v2\/comments?post=2858"}],"version-history":[{"count":1,"href":"https:\/\/labquimicamedica.com\/index.php\/wp-json\/wp\/v2\/product\/2858\/revisions"}],"predecessor-version":[{"id":2859,"href":"https:\/\/labquimicamedica.com\/index.php\/wp-json\/wp\/v2\/product\/2858\/revisions\/2859"}],"wp:featuredmedia":[{"embeddable":true,"href":"https:\/\/labquimicamedica.com\/index.php\/wp-json\/wp\/v2\/media\/1222"}],"wp:attachment":[{"href":"https:\/\/labquimicamedica.com\/index.php\/wp-json\/wp\/v2\/media?parent=2858"}],"wp:term":[{"taxonomy":"product_brand","embeddable":true,"href":"https:\/\/labquimicamedica.com\/index.php\/wp-json\/wp\/v2\/product_brand?post=2858"},{"taxonomy":"product_cat","embeddable":true,"href":"https:\/\/labquimicamedica.com\/index.php\/wp-json\/wp\/v2\/product_cat?post=2858"},{"taxonomy":"product_tag","embeddable":true,"href":"https:\/\/labquimicamedica.com\/index.php\/wp-json\/wp\/v2\/product_tag?post=2858"}],"curies":[{"name":"wp","href":"https:\/\/api.w.org\/{rel}","templated":true}]}}