{"id":2473,"date":"2024-08-23T00:57:01","date_gmt":"2024-08-22T22:57:01","guid":{"rendered":"https:\/\/labquimicamedica.com\/?post_type=product&#038;p=2473"},"modified":"2024-08-23T00:57:01","modified_gmt":"2024-08-22T22:57:01","slug":"antigeno-covid-19","status":"publish","type":"product","link":"https:\/\/labquimicamedica.com\/index.php\/producto\/antigeno-covid-19\/","title":{"rendered":"Ant\u00edgeno covid-19"},"content":{"rendered":"<p>Determinaci\u00f3n cualitativa del Virus Cov-19<\/p>\n","protected":false},"excerpt":{"rendered":"<p>Prueba r\u00e1pida de COVID resultado en 1hrs despu\u00e9s de la toma de muestra.<\/p>\n","protected":false},"featured_media":2474,"comment_status":"open","ping_status":"closed","template":"","meta":{"_acf_changed":false,"inline_featured_image":false,"postBodyCss":"","postBodyMargin":[],"postBodyPadding":[],"postBodyBackground":{"backgroundType":"classic","gradient":""}},"product_brand":[],"product_cat":[64],"product_tag":[65],"class_list":{"0":"post-2473","1":"product","2":"type-product","3":"status-publish","4":"has-post-thumbnail","6":"product_cat-covid","7":"product_tag-covid","9":"first","10":"instock","11":"sale","12":"virtual","13":"taxable","14":"purchasable","15":"product-type-simple"},"acf":[],"yoast_head":"<!-- This site is optimized with the Yoast SEO plugin v27.4 - https:\/\/yoast.com\/product\/yoast-seo-wordpress\/ -->\n<title>Ant\u00edgeno covid-19 - Laboratorio Qu\u00edmica M\u00e9dica<\/title>\n<meta name=\"robots\" content=\"index, follow, max-snippet:-1, max-image-preview:large, max-video-preview:-1\" \/>\n<link rel=\"canonical\" href=\"https:\/\/labquimicamedica.com\/index.php\/producto\/antigeno-covid-19\/\" \/>\n<meta property=\"og:locale\" content=\"es_MX\" \/>\n<meta property=\"og:type\" content=\"article\" \/>\n<meta property=\"og:title\" content=\"Ant\u00edgeno covid-19 - Laboratorio Qu\u00edmica M\u00e9dica\" \/>\n<meta property=\"og:description\" content=\"Prueba r\u00e1pida de COVID resultado en 1hrs despu\u00e9s de la toma de muestra.\" \/>\n<meta property=\"og:url\" content=\"https:\/\/labquimicamedica.com\/index.php\/producto\/antigeno-covid-19\/\" \/>\n<meta property=\"og:site_name\" content=\"Laboratorio Qu\u00edmica M\u00e9dica\" \/>\n<meta property=\"article:publisher\" content=\"https:\/\/www.facebook.com\/Lab.Quimicamedica\/?locale=es_LA\" \/>\n<meta property=\"og:image\" content=\"https:\/\/labquimicamedica.com\/wp-content\/uploads\/2024\/08\/covid1.png\" \/>\n\t<meta property=\"og:image:width\" content=\"1000\" \/>\n\t<meta property=\"og:image:height\" content=\"1000\" \/>\n\t<meta property=\"og:image:type\" content=\"image\/png\" \/>\n<meta name=\"twitter:card\" content=\"summary_large_image\" \/>\n<script type=\"application\/ld+json\" class=\"yoast-schema-graph\">{\"@context\":\"https:\\\/\\\/schema.org\",\"@graph\":[{\"@type\":\"WebPage\",\"@id\":\"https:\\\/\\\/labquimicamedica.com\\\/index.php\\\/producto\\\/antigeno-covid-19\\\/\",\"url\":\"https:\\\/\\\/labquimicamedica.com\\\/index.php\\\/producto\\\/antigeno-covid-19\\\/\",\"name\":\"Ant\u00edgeno covid-19 - Laboratorio Qu\u00edmica M\u00e9dica\",\"isPartOf\":{\"@id\":\"https:\\\/\\\/labquimicamedica.com\\\/#website\"},\"primaryImageOfPage\":{\"@id\":\"https:\\\/\\\/labquimicamedica.com\\\/index.php\\\/producto\\\/antigeno-covid-19\\\/#primaryimage\"},\"image\":{\"@id\":\"https:\\\/\\\/labquimicamedica.com\\\/index.php\\\/producto\\\/antigeno-covid-19\\\/#primaryimage\"},\"thumbnailUrl\":\"https:\\\/\\\/labquimicamedica.com\\\/wp-content\\\/uploads\\\/2024\\\/08\\\/covid1.png\",\"datePublished\":\"2024-08-22T22:57:01+00:00\",\"breadcrumb\":{\"@id\":\"https:\\\/\\\/labquimicamedica.com\\\/index.php\\\/producto\\\/antigeno-covid-19\\\/#breadcrumb\"},\"inLanguage\":\"es\",\"potentialAction\":[{\"@type\":\"ReadAction\",\"target\":[\"https:\\\/\\\/labquimicamedica.com\\\/index.php\\\/producto\\\/antigeno-covid-19\\\/\"]}]},{\"@type\":\"ImageObject\",\"inLanguage\":\"es\",\"@id\":\"https:\\\/\\\/labquimicamedica.com\\\/index.php\\\/producto\\\/antigeno-covid-19\\\/#primaryimage\",\"url\":\"https:\\\/\\\/labquimicamedica.com\\\/wp-content\\\/uploads\\\/2024\\\/08\\\/covid1.png\",\"contentUrl\":\"https:\\\/\\\/labquimicamedica.com\\\/wp-content\\\/uploads\\\/2024\\\/08\\\/covid1.png\",\"width\":1000,\"height\":1000,\"caption\":\"Detecci\u00f3n Cov-19\"},{\"@type\":\"BreadcrumbList\",\"@id\":\"https:\\\/\\\/labquimicamedica.com\\\/index.php\\\/producto\\\/antigeno-covid-19\\\/#breadcrumb\",\"itemListElement\":[{\"@type\":\"ListItem\",\"position\":1,\"name\":\"Inicio\",\"item\":\"https:\\\/\\\/labquimicamedica.com\\\/\"},{\"@type\":\"ListItem\",\"position\":2,\"name\":\"Tienda\",\"item\":\"https:\\\/\\\/labquimicamedica.com\\\/index.php\\\/tienda\\\/\"},{\"@type\":\"ListItem\",\"position\":3,\"name\":\"Ant\u00edgeno covid-19\"}]},{\"@type\":\"WebSite\",\"@id\":\"https:\\\/\\\/labquimicamedica.com\\\/#website\",\"url\":\"https:\\\/\\\/labquimicamedica.com\\\/\",\"name\":\"Laboratorio Qu\u00edmica M\u00e9dica\",\"description\":\"QM\",\"publisher\":{\"@id\":\"https:\\\/\\\/labquimicamedica.com\\\/#organization\"},\"potentialAction\":[{\"@type\":\"SearchAction\",\"target\":{\"@type\":\"EntryPoint\",\"urlTemplate\":\"https:\\\/\\\/labquimicamedica.com\\\/?s={search_term_string}\"},\"query-input\":{\"@type\":\"PropertyValueSpecification\",\"valueRequired\":true,\"valueName\":\"search_term_string\"}}],\"inLanguage\":\"es\"},{\"@type\":\"Organization\",\"@id\":\"https:\\\/\\\/labquimicamedica.com\\\/#organization\",\"name\":\"Laboratorio Qu\u00edmica M\u00e9dica\",\"url\":\"https:\\\/\\\/labquimicamedica.com\\\/\",\"logo\":{\"@type\":\"ImageObject\",\"inLanguage\":\"es\",\"@id\":\"https:\\\/\\\/labquimicamedica.com\\\/#\\\/schema\\\/logo\\\/image\\\/\",\"url\":\"https:\\\/\\\/labquimicamedica.com\\\/wp-content\\\/uploads\\\/2024\\\/08\\\/QM-4.png\",\"contentUrl\":\"https:\\\/\\\/labquimicamedica.com\\\/wp-content\\\/uploads\\\/2024\\\/08\\\/QM-4.png\",\"width\":636,\"height\":525,\"caption\":\"Laboratorio Qu\u00edmica M\u00e9dica\"},\"image\":{\"@id\":\"https:\\\/\\\/labquimicamedica.com\\\/#\\\/schema\\\/logo\\\/image\\\/\"},\"sameAs\":[\"https:\\\/\\\/www.facebook.com\\\/Lab.Quimicamedica\\\/?locale=es_LA\"]}]}<\/script>\n<!-- \/ Yoast SEO plugin. -->","yoast_head_json":{"title":"Ant\u00edgeno covid-19 - Laboratorio Qu\u00edmica M\u00e9dica","robots":{"index":"index","follow":"follow","max-snippet":"max-snippet:-1","max-image-preview":"max-image-preview:large","max-video-preview":"max-video-preview:-1"},"canonical":"https:\/\/labquimicamedica.com\/index.php\/producto\/antigeno-covid-19\/","og_locale":"es_MX","og_type":"article","og_title":"Ant\u00edgeno covid-19 - Laboratorio Qu\u00edmica M\u00e9dica","og_description":"Prueba r\u00e1pida de COVID resultado en 1hrs despu\u00e9s de la toma de muestra.","og_url":"https:\/\/labquimicamedica.com\/index.php\/producto\/antigeno-covid-19\/","og_site_name":"Laboratorio Qu\u00edmica M\u00e9dica","article_publisher":"https:\/\/www.facebook.com\/Lab.Quimicamedica\/?locale=es_LA","og_image":[{"width":1000,"height":1000,"url":"https:\/\/labquimicamedica.com\/wp-content\/uploads\/2024\/08\/covid1.png","type":"image\/png"}],"twitter_card":"summary_large_image","schema":{"@context":"https:\/\/schema.org","@graph":[{"@type":"WebPage","@id":"https:\/\/labquimicamedica.com\/index.php\/producto\/antigeno-covid-19\/","url":"https:\/\/labquimicamedica.com\/index.php\/producto\/antigeno-covid-19\/","name":"Ant\u00edgeno covid-19 - Laboratorio Qu\u00edmica M\u00e9dica","isPartOf":{"@id":"https:\/\/labquimicamedica.com\/#website"},"primaryImageOfPage":{"@id":"https:\/\/labquimicamedica.com\/index.php\/producto\/antigeno-covid-19\/#primaryimage"},"image":{"@id":"https:\/\/labquimicamedica.com\/index.php\/producto\/antigeno-covid-19\/#primaryimage"},"thumbnailUrl":"https:\/\/labquimicamedica.com\/wp-content\/uploads\/2024\/08\/covid1.png","datePublished":"2024-08-22T22:57:01+00:00","breadcrumb":{"@id":"https:\/\/labquimicamedica.com\/index.php\/producto\/antigeno-covid-19\/#breadcrumb"},"inLanguage":"es","potentialAction":[{"@type":"ReadAction","target":["https:\/\/labquimicamedica.com\/index.php\/producto\/antigeno-covid-19\/"]}]},{"@type":"ImageObject","inLanguage":"es","@id":"https:\/\/labquimicamedica.com\/index.php\/producto\/antigeno-covid-19\/#primaryimage","url":"https:\/\/labquimicamedica.com\/wp-content\/uploads\/2024\/08\/covid1.png","contentUrl":"https:\/\/labquimicamedica.com\/wp-content\/uploads\/2024\/08\/covid1.png","width":1000,"height":1000,"caption":"Detecci\u00f3n Cov-19"},{"@type":"BreadcrumbList","@id":"https:\/\/labquimicamedica.com\/index.php\/producto\/antigeno-covid-19\/#breadcrumb","itemListElement":[{"@type":"ListItem","position":1,"name":"Inicio","item":"https:\/\/labquimicamedica.com\/"},{"@type":"ListItem","position":2,"name":"Tienda","item":"https:\/\/labquimicamedica.com\/index.php\/tienda\/"},{"@type":"ListItem","position":3,"name":"Ant\u00edgeno covid-19"}]},{"@type":"WebSite","@id":"https:\/\/labquimicamedica.com\/#website","url":"https:\/\/labquimicamedica.com\/","name":"Laboratorio Qu\u00edmica M\u00e9dica","description":"QM","publisher":{"@id":"https:\/\/labquimicamedica.com\/#organization"},"potentialAction":[{"@type":"SearchAction","target":{"@type":"EntryPoint","urlTemplate":"https:\/\/labquimicamedica.com\/?s={search_term_string}"},"query-input":{"@type":"PropertyValueSpecification","valueRequired":true,"valueName":"search_term_string"}}],"inLanguage":"es"},{"@type":"Organization","@id":"https:\/\/labquimicamedica.com\/#organization","name":"Laboratorio Qu\u00edmica M\u00e9dica","url":"https:\/\/labquimicamedica.com\/","logo":{"@type":"ImageObject","inLanguage":"es","@id":"https:\/\/labquimicamedica.com\/#\/schema\/logo\/image\/","url":"https:\/\/labquimicamedica.com\/wp-content\/uploads\/2024\/08\/QM-4.png","contentUrl":"https:\/\/labquimicamedica.com\/wp-content\/uploads\/2024\/08\/QM-4.png","width":636,"height":525,"caption":"Laboratorio Qu\u00edmica M\u00e9dica"},"image":{"@id":"https:\/\/labquimicamedica.com\/#\/schema\/logo\/image\/"},"sameAs":["https:\/\/www.facebook.com\/Lab.Quimicamedica\/?locale=es_LA"]}]}},"_links":{"self":[{"href":"https:\/\/labquimicamedica.com\/index.php\/wp-json\/wp\/v2\/product\/2473","targetHints":{"allow":["GET"]}}],"collection":[{"href":"https:\/\/labquimicamedica.com\/index.php\/wp-json\/wp\/v2\/product"}],"about":[{"href":"https:\/\/labquimicamedica.com\/index.php\/wp-json\/wp\/v2\/types\/product"}],"replies":[{"embeddable":true,"href":"https:\/\/labquimicamedica.com\/index.php\/wp-json\/wp\/v2\/comments?post=2473"}],"version-history":[{"count":1,"href":"https:\/\/labquimicamedica.com\/index.php\/wp-json\/wp\/v2\/product\/2473\/revisions"}],"predecessor-version":[{"id":2475,"href":"https:\/\/labquimicamedica.com\/index.php\/wp-json\/wp\/v2\/product\/2473\/revisions\/2475"}],"wp:featuredmedia":[{"embeddable":true,"href":"https:\/\/labquimicamedica.com\/index.php\/wp-json\/wp\/v2\/media\/2474"}],"wp:attachment":[{"href":"https:\/\/labquimicamedica.com\/index.php\/wp-json\/wp\/v2\/media?parent=2473"}],"wp:term":[{"taxonomy":"product_brand","embeddable":true,"href":"https:\/\/labquimicamedica.com\/index.php\/wp-json\/wp\/v2\/product_brand?post=2473"},{"taxonomy":"product_cat","embeddable":true,"href":"https:\/\/labquimicamedica.com\/index.php\/wp-json\/wp\/v2\/product_cat?post=2473"},{"taxonomy":"product_tag","embeddable":true,"href":"https:\/\/labquimicamedica.com\/index.php\/wp-json\/wp\/v2\/product_tag?post=2473"}],"curies":[{"name":"wp","href":"https:\/\/api.w.org\/{rel}","templated":true}]}}