{"id":907,"date":"2023-01-06T06:51:14","date_gmt":"2023-01-06T06:51:14","guid":{"rendered":"https:\/\/labortech.themeht.com\/?page_id=907"},"modified":"2024-08-22T01:42:38","modified_gmt":"2024-08-21T23:42:38","slug":"our-team","status":"publish","type":"page","link":"https:\/\/labquimicamedica.com\/index.php\/our-team\/","title":{"rendered":"Our Team"},"content":{"rendered":"\t\t<div data-elementor-type=\"wp-page\" data-elementor-id=\"907\" class=\"elementor elementor-907\">\n\t\t\t\t\t\t<section class=\"elementor-section elementor-top-section elementor-element elementor-element-2e1c457 elementor-section-boxed elementor-section-height-default elementor-section-height-default\" data-id=\"2e1c457\" data-element_type=\"section\" data-e-type=\"section\">\n\t\t\t\t\t\t<div class=\"elementor-container elementor-column-gap-default\">\n\t\t\t\t\t<div class=\"elementor-column elementor-col-50 elementor-top-column elementor-element elementor-element-9e67041\" data-id=\"9e67041\" data-element_type=\"column\" data-e-type=\"column\">\n\t\t\t<div class=\"elementor-widget-wrap elementor-element-populated\">\n\t\t\t\t\t\t<div class=\"elementor-element elementor-element-810c9c0 elementor-widget elementor-widget-title\" data-id=\"810c9c0\" data-element_type=\"widget\" data-e-type=\"widget\" data-widget_type=\"title.default\">\n\t\t\t\t<div class=\"elementor-widget-container\">\n\t\t\t\t\t\r\n        <div class=\"theme-title \">\r\n\r\n          <h2>Our Doctors are Setting the New Standards in Laboratory & Science Research<\/h2>\r\n\r\n          <p>Our doctors include highly qualified male and female practitioners who come from a range of backgrounds and bring a diversity of skills.<\/p>         \r\n\r\n        <\/div>\r\n\r\n        \t\t\t\t<\/div>\n\t\t\t\t<\/div>\n\t\t\t\t\t<\/div>\n\t\t<\/div>\n\t\t\t\t<div class=\"elementor-column elementor-col-50 elementor-top-column elementor-element elementor-element-7dc3b4f\" data-id=\"7dc3b4f\" data-element_type=\"column\" data-e-type=\"column\">\n\t\t\t<div class=\"elementor-widget-wrap elementor-element-populated\">\n\t\t\t\t\t\t<div class=\"elementor-element elementor-element-4d1caf5 elementor-widget elementor-widget-our-team\" data-id=\"4d1caf5\" data-element_type=\"widget\" data-e-type=\"widget\" data-widget_type=\"our-team.default\">\n\t\t\t\t<div class=\"elementor-widget-container\">\n\t\t\t\t\t\r\n        <div class=\"row\">\r\n                           <div class=\"col-md-6\">\r\n                    <div class=\"team-member\">\r\n                        <div class=\"team-images\">\r\n               <img fetchpriority=\"high\" decoding=\"async\" width=\"1337\" height=\"2042\" src=\"https:\/\/labquimicamedica.com\/wp-content\/uploads\/2024\/08\/klipartz.com-8-1.png\" class=\"attachment-post-thumbnail size-post-thumbnail wp-post-image\" alt=\"\" srcset=\"https:\/\/labquimicamedica.com\/wp-content\/uploads\/2024\/08\/klipartz.com-8-1.png 1337w, https:\/\/labquimicamedica.com\/wp-content\/uploads\/2024\/08\/klipartz.com-8-1-300x458.png 300w, https:\/\/labquimicamedica.com\/wp-content\/uploads\/2024\/08\/klipartz.com-8-1-196x300.png 196w, https:\/\/labquimicamedica.com\/wp-content\/uploads\/2024\/08\/klipartz.com-8-1-670x1024.png 670w, https:\/\/labquimicamedica.com\/wp-content\/uploads\/2024\/08\/klipartz.com-8-1-768x1173.png 768w, https:\/\/labquimicamedica.com\/wp-content\/uploads\/2024\/08\/klipartz.com-8-1-1006x1536.png 1006w\" sizes=\"(max-width: 1337px) 100vw, 1337px\" \/>               <ul class=\"team-social-icon list-inline\">\r\n                <li><a href=\"\"><i class=\"lab la-facebook-f\"><\/i><\/a>\r\n                <\/li>\r\n                <li><a href=\"\"><i class=\"lab la-twitter\"><\/i><\/a>\r\n                <\/li>\r\n                <li><a href=\"\"><i class=\"lab la-pinterest-p\"><\/i><\/a>\r\n                <\/li>\r\n                <li><a href=\"\"><i class=\"lab la-linkedin-in\"><\/i><\/a>\r\n                <\/li>\r\n              <\/ul>\r\n              <\/div>\r\n              <div class=\"team-description\">\r\n              <div>\r\n              <h5 class=\"mb-0\"><a href=\"https:\/\/labquimicamedica.com\/index.php\/team\/dra-gloria-carmen-gutierrez-lopez\/\">Dra. Gloria Carmen Guti\u00e9rrez L\u00f3pez<\/a><\/h5>\r\n              <span><\/span>\r\n          <\/div>\r\n            <\/div>\r\n              \r\n            <\/div>\r\n              <\/div>\r\n                              <div class=\"col-md-6\">\r\n                    <div class=\"team-member\">\r\n                        <div class=\"team-images\">\r\n               <img decoding=\"async\" width=\"400\" height=\"400\" src=\"https:\/\/labquimicamedica.com\/wp-content\/uploads\/2022\/12\/04-1-1.jpg\" class=\"attachment-post-thumbnail size-post-thumbnail wp-post-image\" alt=\"\" srcset=\"https:\/\/labquimicamedica.com\/wp-content\/uploads\/2022\/12\/04-1-1.jpg 400w, https:\/\/labquimicamedica.com\/wp-content\/uploads\/2022\/12\/04-1-1-300x300.jpg 300w, https:\/\/labquimicamedica.com\/wp-content\/uploads\/2022\/12\/04-1-1-100x100.jpg 100w, https:\/\/labquimicamedica.com\/wp-content\/uploads\/2022\/12\/04-1-1-150x150.jpg 150w\" sizes=\"(max-width: 400px) 100vw, 400px\" \/>               <ul class=\"team-social-icon list-inline\">\r\n                <li><a href=\"#\"><i class=\"bi bi-facebook\"><\/i><\/a>\r\n                <\/li>\r\n                <li><a href=\"#\"><i class=\"bi bi-twitter-x\"><\/i><\/a>\r\n                <\/li>\r\n                <li><a href=\"#\"><i class=\"bi bi-instagram\"><\/i><\/a>\r\n                <\/li>\r\n                <li><a href=\"#\"><i class=\"bi bi-linkedin\"><\/i><\/a>\r\n                <\/li>\r\n              <\/ul>\r\n              <\/div>\r\n              <div class=\"team-description\">\r\n              <div>\r\n              <h5 class=\"mb-0\"><a href=\"https:\/\/labquimicamedica.com\/index.php\/team\/dra-edith\/\">Dra. Edith Aurora Escobar Cazares<\/a><\/h5>\r\n              <span>Research Expert<\/span>\r\n          <\/div>\r\n            <\/div>\r\n              \r\n            <\/div>\r\n              <\/div>\r\n                              <div class=\"col-md-6\">\r\n                    <div class=\"team-member\">\r\n                        <div class=\"team-images\">\r\n               <img decoding=\"async\" width=\"400\" height=\"400\" src=\"https:\/\/labquimicamedica.com\/wp-content\/uploads\/2022\/12\/01-2-1.jpg\" class=\"attachment-post-thumbnail size-post-thumbnail wp-post-image\" alt=\"\" srcset=\"https:\/\/labquimicamedica.com\/wp-content\/uploads\/2022\/12\/01-2-1.jpg 400w, https:\/\/labquimicamedica.com\/wp-content\/uploads\/2022\/12\/01-2-1-300x300.jpg 300w, https:\/\/labquimicamedica.com\/wp-content\/uploads\/2022\/12\/01-2-1-100x100.jpg 100w, https:\/\/labquimicamedica.com\/wp-content\/uploads\/2022\/12\/01-2-1-150x150.jpg 150w\" sizes=\"(max-width: 400px) 100vw, 400px\" \/>               <ul class=\"team-social-icon list-inline\">\r\n                <li><a href=\"#\"><i class=\"bi bi-facebook\"><\/i><\/a>\r\n                <\/li>\r\n                <li><a href=\"#\"><i class=\"bi bi-twitter-x\"><\/i><\/a>\r\n                <\/li>\r\n                <li><a href=\"#\"><i class=\"bi bi-instagram\"><\/i><\/a>\r\n                <\/li>\r\n                <li><a href=\"#\"><i class=\"bi bi-linkedin\"><\/i><\/a>\r\n                <\/li>\r\n              <\/ul>\r\n              <\/div>\r\n              <div class=\"team-description\">\r\n              <div>\r\n              <h5 class=\"mb-0\"><a href=\"https:\/\/labquimicamedica.com\/index.php\/team\/dr-shiran-reni\/\">Q.F.B. Jes\u00fas  Mej\u00eda Guti\u00e9rrez<\/a><\/h5>\r\n              <span>Pathology Special<\/span>\r\n          <\/div>\r\n            <\/div>\r\n              \r\n            <\/div>\r\n              <\/div>\r\n                              <div class=\"col-md-6\">\r\n                    <div class=\"team-member\">\r\n                        <div class=\"team-images\">\r\n               <img loading=\"lazy\" decoding=\"async\" width=\"400\" height=\"400\" src=\"https:\/\/labquimicamedica.com\/wp-content\/uploads\/2022\/12\/02-2-1.jpg\" class=\"attachment-post-thumbnail size-post-thumbnail wp-post-image\" alt=\"\" srcset=\"https:\/\/labquimicamedica.com\/wp-content\/uploads\/2022\/12\/02-2-1.jpg 400w, https:\/\/labquimicamedica.com\/wp-content\/uploads\/2022\/12\/02-2-1-300x300.jpg 300w, https:\/\/labquimicamedica.com\/wp-content\/uploads\/2022\/12\/02-2-1-100x100.jpg 100w, https:\/\/labquimicamedica.com\/wp-content\/uploads\/2022\/12\/02-2-1-150x150.jpg 150w\" sizes=\"(max-width: 400px) 100vw, 400px\" \/>               <ul class=\"team-social-icon list-inline\">\r\n                <li><a href=\"#\"><i class=\"bi bi-facebook\"><\/i><\/a>\r\n                <\/li>\r\n                <li><a href=\"#\"><i class=\"bi bi-twitter-x\"><\/i><\/a>\r\n                <\/li>\r\n                <li><a href=\"#\"><i class=\"bi bi-instagram\"><\/i><\/a>\r\n                <\/li>\r\n                <li><a href=\"#\"><i class=\"bi bi-linkedin\"><\/i><\/a>\r\n                <\/li>\r\n              <\/ul>\r\n              <\/div>\r\n              <div class=\"team-description\">\r\n              <div>\r\n              <h5 class=\"mb-0\"><a href=\"https:\/\/labquimicamedica.com\/index.php\/team\/dr-kamal-leno\/\">Dra. Gloria Guti\u00e9rrez<\/a><\/h5>\r\n              <span>Chemist Expert<\/span>\r\n          <\/div>\r\n            <\/div>\r\n              \r\n            <\/div>\r\n              <\/div>\r\n                              <div class=\"col-md-6\">\r\n                    <div class=\"team-member\">\r\n                        <div class=\"team-images\">\r\n               <img loading=\"lazy\" decoding=\"async\" width=\"400\" height=\"400\" src=\"https:\/\/labquimicamedica.com\/wp-content\/uploads\/2022\/12\/03-1-1.jpg\" class=\"attachment-post-thumbnail size-post-thumbnail wp-post-image\" alt=\"\" srcset=\"https:\/\/labquimicamedica.com\/wp-content\/uploads\/2022\/12\/03-1-1.jpg 400w, https:\/\/labquimicamedica.com\/wp-content\/uploads\/2022\/12\/03-1-1-300x300.jpg 300w, https:\/\/labquimicamedica.com\/wp-content\/uploads\/2022\/12\/03-1-1-100x100.jpg 100w, https:\/\/labquimicamedica.com\/wp-content\/uploads\/2022\/12\/03-1-1-150x150.jpg 150w\" sizes=\"(max-width: 400px) 100vw, 400px\" \/>               <ul class=\"team-social-icon list-inline\">\r\n                <li><a href=\"#\"><i class=\"bi bi-facebook\"><\/i><\/a>\r\n                <\/li>\r\n                <li><a href=\"#\"><i class=\"bi bi-twitter-x\"><\/i><\/a>\r\n                <\/li>\r\n                <li><a href=\"#\"><i class=\"bi bi-instagram\"><\/i><\/a>\r\n                <\/li>\r\n                <li><a href=\"#\"><i class=\"bi bi-linkedin\"><\/i><\/a>\r\n                <\/li>\r\n              <\/ul>\r\n              <\/div>\r\n              <div class=\"team-description\">\r\n              <div>\r\n              <h5 class=\"mb-0\"><a href=\"https:\/\/labquimicamedica.com\/index.php\/team\/q-f-b-jesus-mejia-gutierrez\/\">Q.F.B. Jes\u00fas Mej\u00eda Guti\u00e9rrez<\/a><\/h5>\r\n              <span>Lab Head<\/span>\r\n          <\/div>\r\n            <\/div>\r\n              \r\n            <\/div>\r\n              <\/div>\r\n                       <\/div>\r\n        \t\t\t\t<\/div>\n\t\t\t\t<\/div>\n\t\t\t\t\t<\/div>\n\t\t<\/div>\n\t\t\t\t\t<\/div>\n\t\t<\/section>\n\t\t\t\t<\/div>\n\t\t","protected":false},"excerpt":{"rendered":"<p>Our Doctors are Setting the New Standards in Laboratory &#038; Science Research Our doctors include highly qualified male and female practitioners who come from a range of backgrounds and bring a diversity of skills. Dr.Shiran Reni Pathology Special Dr.Kamal Leno Chemist Expert Dr.Melena Jos Lab Head Dr.Leena Ivy Research Expert<\/p>\n","protected":false},"author":1,"featured_media":0,"parent":0,"menu_order":0,"comment_status":"closed","ping_status":"closed","template":"","meta":{"_acf_changed":false,"inline_featured_image":false,"postBodyCss":"","postBodyMargin":[],"postBodyPadding":[],"postBodyBackground":{"backgroundType":"classic","gradient":""},"footnotes":""},"class_list":["post-907","page","type-page","status-publish","hentry"],"acf":[],"yoast_head":"<!-- This site is optimized with the Yoast SEO plugin v27.4 - https:\/\/yoast.com\/product\/yoast-seo-wordpress\/ -->\n<title>Our Team - Laboratorio Qu\u00edmica M\u00e9dica<\/title>\n<meta name=\"robots\" content=\"index, follow, max-snippet:-1, max-image-preview:large, max-video-preview:-1\" \/>\n<link rel=\"canonical\" href=\"https:\/\/labquimicamedica.com\/index.php\/our-team\/\" \/>\n<meta property=\"og:locale\" content=\"es_MX\" \/>\n<meta property=\"og:type\" content=\"article\" \/>\n<meta property=\"og:title\" content=\"Our Team - Laboratorio Qu\u00edmica M\u00e9dica\" \/>\n<meta property=\"og:description\" content=\"Our Doctors are Setting the New Standards in Laboratory &#038; Science Research Our doctors include highly qualified male and female practitioners who come from a range of backgrounds and bring a diversity of skills. Dr.Shiran Reni Pathology Special Dr.Kamal Leno Chemist Expert Dr.Melena Jos Lab Head Dr.Leena Ivy Research Expert\" \/>\n<meta property=\"og:url\" content=\"https:\/\/labquimicamedica.com\/index.php\/our-team\/\" \/>\n<meta property=\"og:site_name\" content=\"Laboratorio Qu\u00edmica M\u00e9dica\" \/>\n<meta property=\"article:publisher\" content=\"https:\/\/www.facebook.com\/Lab.Quimicamedica\/?locale=es_LA\" \/>\n<meta property=\"article:modified_time\" content=\"2024-08-21T23:42:38+00:00\" \/>\n<meta property=\"og:image\" content=\"https:\/\/labquimicamedica.com\/wp-content\/uploads\/2022\/12\/01-2-1.jpg\" \/>\n<meta name=\"twitter:card\" content=\"summary_large_image\" \/>\n<script type=\"application\/ld+json\" class=\"yoast-schema-graph\">{\"@context\":\"https:\\\/\\\/schema.org\",\"@graph\":[{\"@type\":\"WebPage\",\"@id\":\"https:\\\/\\\/labquimicamedica.com\\\/index.php\\\/our-team\\\/\",\"url\":\"https:\\\/\\\/labquimicamedica.com\\\/index.php\\\/our-team\\\/\",\"name\":\"Our Team - Laboratorio Qu\u00edmica M\u00e9dica\",\"isPartOf\":{\"@id\":\"https:\\\/\\\/labquimicamedica.com\\\/#website\"},\"primaryImageOfPage\":{\"@id\":\"https:\\\/\\\/labquimicamedica.com\\\/index.php\\\/our-team\\\/#primaryimage\"},\"image\":{\"@id\":\"https:\\\/\\\/labquimicamedica.com\\\/index.php\\\/our-team\\\/#primaryimage\"},\"thumbnailUrl\":\"https:\\\/\\\/labquimicamedica.com\\\/wp-content\\\/uploads\\\/2022\\\/12\\\/01-2-1.jpg\",\"datePublished\":\"2023-01-06T06:51:14+00:00\",\"dateModified\":\"2024-08-21T23:42:38+00:00\",\"breadcrumb\":{\"@id\":\"https:\\\/\\\/labquimicamedica.com\\\/index.php\\\/our-team\\\/#breadcrumb\"},\"inLanguage\":\"es\",\"potentialAction\":[{\"@type\":\"ReadAction\",\"target\":[\"https:\\\/\\\/labquimicamedica.com\\\/index.php\\\/our-team\\\/\"]}]},{\"@type\":\"ImageObject\",\"inLanguage\":\"es\",\"@id\":\"https:\\\/\\\/labquimicamedica.com\\\/index.php\\\/our-team\\\/#primaryimage\",\"url\":\"https:\\\/\\\/labquimicamedica.com\\\/wp-content\\\/uploads\\\/2022\\\/12\\\/01-2-1.jpg\",\"contentUrl\":\"https:\\\/\\\/labquimicamedica.com\\\/wp-content\\\/uploads\\\/2022\\\/12\\\/01-2-1.jpg\",\"width\":400,\"height\":400},{\"@type\":\"BreadcrumbList\",\"@id\":\"https:\\\/\\\/labquimicamedica.com\\\/index.php\\\/our-team\\\/#breadcrumb\",\"itemListElement\":[{\"@type\":\"ListItem\",\"position\":1,\"name\":\"Inicio\",\"item\":\"https:\\\/\\\/labquimicamedica.com\\\/\"},{\"@type\":\"ListItem\",\"position\":2,\"name\":\"Our Team\"}]},{\"@type\":\"WebSite\",\"@id\":\"https:\\\/\\\/labquimicamedica.com\\\/#website\",\"url\":\"https:\\\/\\\/labquimicamedica.com\\\/\",\"name\":\"Laboratorio Qu\u00edmica M\u00e9dica\",\"description\":\"QM\",\"publisher\":{\"@id\":\"https:\\\/\\\/labquimicamedica.com\\\/#organization\"},\"potentialAction\":[{\"@type\":\"SearchAction\",\"target\":{\"@type\":\"EntryPoint\",\"urlTemplate\":\"https:\\\/\\\/labquimicamedica.com\\\/?s={search_term_string}\"},\"query-input\":{\"@type\":\"PropertyValueSpecification\",\"valueRequired\":true,\"valueName\":\"search_term_string\"}}],\"inLanguage\":\"es\"},{\"@type\":\"Organization\",\"@id\":\"https:\\\/\\\/labquimicamedica.com\\\/#organization\",\"name\":\"Laboratorio Qu\u00edmica M\u00e9dica\",\"url\":\"https:\\\/\\\/labquimicamedica.com\\\/\",\"logo\":{\"@type\":\"ImageObject\",\"inLanguage\":\"es\",\"@id\":\"https:\\\/\\\/labquimicamedica.com\\\/#\\\/schema\\\/logo\\\/image\\\/\",\"url\":\"https:\\\/\\\/labquimicamedica.com\\\/wp-content\\\/uploads\\\/2024\\\/08\\\/QM-4.png\",\"contentUrl\":\"https:\\\/\\\/labquimicamedica.com\\\/wp-content\\\/uploads\\\/2024\\\/08\\\/QM-4.png\",\"width\":636,\"height\":525,\"caption\":\"Laboratorio Qu\u00edmica M\u00e9dica\"},\"image\":{\"@id\":\"https:\\\/\\\/labquimicamedica.com\\\/#\\\/schema\\\/logo\\\/image\\\/\"},\"sameAs\":[\"https:\\\/\\\/www.facebook.com\\\/Lab.Quimicamedica\\\/?locale=es_LA\"]}]}<\/script>\n<!-- \/ Yoast SEO plugin. -->","yoast_head_json":{"title":"Our Team - Laboratorio Qu\u00edmica M\u00e9dica","robots":{"index":"index","follow":"follow","max-snippet":"max-snippet:-1","max-image-preview":"max-image-preview:large","max-video-preview":"max-video-preview:-1"},"canonical":"https:\/\/labquimicamedica.com\/index.php\/our-team\/","og_locale":"es_MX","og_type":"article","og_title":"Our Team - Laboratorio Qu\u00edmica M\u00e9dica","og_description":"Our Doctors are Setting the New Standards in Laboratory &#038; Science Research Our doctors include highly qualified male and female practitioners who come from a range of backgrounds and bring a diversity of skills. Dr.Shiran Reni Pathology Special Dr.Kamal Leno Chemist Expert Dr.Melena Jos Lab Head Dr.Leena Ivy Research Expert","og_url":"https:\/\/labquimicamedica.com\/index.php\/our-team\/","og_site_name":"Laboratorio Qu\u00edmica M\u00e9dica","article_publisher":"https:\/\/www.facebook.com\/Lab.Quimicamedica\/?locale=es_LA","article_modified_time":"2024-08-21T23:42:38+00:00","og_image":[{"url":"https:\/\/labquimicamedica.com\/wp-content\/uploads\/2022\/12\/01-2-1.jpg","type":"","width":"","height":""}],"twitter_card":"summary_large_image","schema":{"@context":"https:\/\/schema.org","@graph":[{"@type":"WebPage","@id":"https:\/\/labquimicamedica.com\/index.php\/our-team\/","url":"https:\/\/labquimicamedica.com\/index.php\/our-team\/","name":"Our Team - Laboratorio Qu\u00edmica M\u00e9dica","isPartOf":{"@id":"https:\/\/labquimicamedica.com\/#website"},"primaryImageOfPage":{"@id":"https:\/\/labquimicamedica.com\/index.php\/our-team\/#primaryimage"},"image":{"@id":"https:\/\/labquimicamedica.com\/index.php\/our-team\/#primaryimage"},"thumbnailUrl":"https:\/\/labquimicamedica.com\/wp-content\/uploads\/2022\/12\/01-2-1.jpg","datePublished":"2023-01-06T06:51:14+00:00","dateModified":"2024-08-21T23:42:38+00:00","breadcrumb":{"@id":"https:\/\/labquimicamedica.com\/index.php\/our-team\/#breadcrumb"},"inLanguage":"es","potentialAction":[{"@type":"ReadAction","target":["https:\/\/labquimicamedica.com\/index.php\/our-team\/"]}]},{"@type":"ImageObject","inLanguage":"es","@id":"https:\/\/labquimicamedica.com\/index.php\/our-team\/#primaryimage","url":"https:\/\/labquimicamedica.com\/wp-content\/uploads\/2022\/12\/01-2-1.jpg","contentUrl":"https:\/\/labquimicamedica.com\/wp-content\/uploads\/2022\/12\/01-2-1.jpg","width":400,"height":400},{"@type":"BreadcrumbList","@id":"https:\/\/labquimicamedica.com\/index.php\/our-team\/#breadcrumb","itemListElement":[{"@type":"ListItem","position":1,"name":"Inicio","item":"https:\/\/labquimicamedica.com\/"},{"@type":"ListItem","position":2,"name":"Our Team"}]},{"@type":"WebSite","@id":"https:\/\/labquimicamedica.com\/#website","url":"https:\/\/labquimicamedica.com\/","name":"Laboratorio Qu\u00edmica M\u00e9dica","description":"QM","publisher":{"@id":"https:\/\/labquimicamedica.com\/#organization"},"potentialAction":[{"@type":"SearchAction","target":{"@type":"EntryPoint","urlTemplate":"https:\/\/labquimicamedica.com\/?s={search_term_string}"},"query-input":{"@type":"PropertyValueSpecification","valueRequired":true,"valueName":"search_term_string"}}],"inLanguage":"es"},{"@type":"Organization","@id":"https:\/\/labquimicamedica.com\/#organization","name":"Laboratorio Qu\u00edmica M\u00e9dica","url":"https:\/\/labquimicamedica.com\/","logo":{"@type":"ImageObject","inLanguage":"es","@id":"https:\/\/labquimicamedica.com\/#\/schema\/logo\/image\/","url":"https:\/\/labquimicamedica.com\/wp-content\/uploads\/2024\/08\/QM-4.png","contentUrl":"https:\/\/labquimicamedica.com\/wp-content\/uploads\/2024\/08\/QM-4.png","width":636,"height":525,"caption":"Laboratorio Qu\u00edmica M\u00e9dica"},"image":{"@id":"https:\/\/labquimicamedica.com\/#\/schema\/logo\/image\/"},"sameAs":["https:\/\/www.facebook.com\/Lab.Quimicamedica\/?locale=es_LA"]}]}},"_links":{"self":[{"href":"https:\/\/labquimicamedica.com\/index.php\/wp-json\/wp\/v2\/pages\/907","targetHints":{"allow":["GET"]}}],"collection":[{"href":"https:\/\/labquimicamedica.com\/index.php\/wp-json\/wp\/v2\/pages"}],"about":[{"href":"https:\/\/labquimicamedica.com\/index.php\/wp-json\/wp\/v2\/types\/page"}],"author":[{"embeddable":true,"href":"https:\/\/labquimicamedica.com\/index.php\/wp-json\/wp\/v2\/users\/1"}],"replies":[{"embeddable":true,"href":"https:\/\/labquimicamedica.com\/index.php\/wp-json\/wp\/v2\/comments?post=907"}],"version-history":[{"count":1,"href":"https:\/\/labquimicamedica.com\/index.php\/wp-json\/wp\/v2\/pages\/907\/revisions"}],"predecessor-version":[{"id":2385,"href":"https:\/\/labquimicamedica.com\/index.php\/wp-json\/wp\/v2\/pages\/907\/revisions\/2385"}],"wp:attachment":[{"href":"https:\/\/labquimicamedica.com\/index.php\/wp-json\/wp\/v2\/media?parent=907"}],"curies":[{"name":"wp","href":"https:\/\/api.w.org\/{rel}","templated":true}]}}