{"id":3442,"date":"2024-09-06T19:00:14","date_gmt":"2024-09-07T01:00:14","guid":{"rendered":"https:\/\/labquimicamedica.com\/?page_id=3442"},"modified":"2024-11-02T22:36:55","modified_gmt":"2024-11-03T04:36:55","slug":"sucursal-chicoloapan","status":"publish","type":"page","link":"https:\/\/labquimicamedica.com\/index.php\/sucursal-chicoloapan\/","title":{"rendered":"Sucursal Chicoloapan"},"content":{"rendered":"\t\t<div data-elementor-type=\"wp-page\" data-elementor-id=\"3442\" class=\"elementor elementor-3442\">\n\t\t\t\t<div class=\"elementor-element elementor-element-f8378f6 e-flex e-con-boxed e-con e-parent\" data-id=\"f8378f6\" data-element_type=\"container\" data-e-type=\"container\">\n\t\t\t\t\t<div class=\"e-con-inner\">\n\t\t\t\t\t<\/div>\n\t\t\t\t<\/div>\n\t\t<div class=\"elementor-element elementor-element-c60bb19 e-flex e-con-boxed e-con e-parent\" data-id=\"c60bb19\" data-element_type=\"container\" data-e-type=\"container\">\n\t\t\t\t\t<div class=\"e-con-inner\">\n\t\t\t\t<div class=\"elementor-element elementor-element-518e705 elementor-widget elementor-widget-heading\" data-id=\"518e705\" data-element_type=\"widget\" data-e-type=\"widget\" data-widget_type=\"heading.default\">\n\t\t\t\t<div class=\"elementor-widget-container\">\n\t\t\t\t\t<h3 class=\"elementor-heading-title elementor-size-default\">Descuentos Noviembre Diciembre 2024<\/h3>\t\t\t\t<\/div>\n\t\t\t\t<\/div>\n\t\t\t\t\t<\/div>\n\t\t\t\t<\/div>\n\t\t<div class=\"elementor-element elementor-element-d405641 e-flex e-con-boxed e-con e-parent\" data-id=\"d405641\" data-element_type=\"container\" data-e-type=\"container\">\n\t\t\t\t\t<div class=\"e-con-inner\">\n\t\t\t\t<div class=\"elementor-element elementor-element-8cb854b elementor-widget__width-initial elementor-widget elementor-widget-ucaddon_card_carousel\" data-id=\"8cb854b\" data-element_type=\"widget\" data-e-type=\"widget\" data-widget_type=\"ucaddon_card_carousel.default\">\n\t\t\t\t<div class=\"elementor-widget-container\">\n\t\t\t\t\t\n<!-- start Card Carousel -->\n\t\t<link id='font-awesome-css' href='https:\/\/labquimicamedica.com\/wp-content\/plugins\/unlimited-elements-for-elementor\/assets_libraries\/font-awesome6\/fontawesome-all.min.css' type='text\/css' rel='stylesheet' >\n\t\t<link id='font-awesome-4-shim-css' href='https:\/\/labquimicamedica.com\/wp-content\/plugins\/unlimited-elements-for-elementor\/assets_libraries\/font-awesome6\/fontawesome-v4-shims.min.css' type='text\/css' rel='stylesheet' >\n\t\t<link id='owl-carousel-css' href='https:\/\/labquimicamedica.com\/wp-content\/plugins\/unlimited-elements-for-elementor\/assets_libraries\/owl-carousel-new\/assets\/owl.carousel.css' type='text\/css' rel='stylesheet' >\n\t\t<link id='uc_ac_assets_file_animate_css_77907-css' href='https:\/\/labquimicamedica.com\/wp-content\/uploads\/ac_assets\/uc_classic_carousel\/animate.css' type='text\/css' rel='stylesheet' >\n\n<style>\/* widget: Card Carousel *\/\n\n#uc_card_carousel_elementor_8cb854b-wrapper{\n  min-height:1px;\n}\n\n#uc_card_carousel_elementor_8cb854b *{\n\t-webkit-box-sizing: border-box;\n\t-moz-box-sizing: border-box;\n\tbox-sizing: border-box;\n}\n\n#uc_card_carousel_elementor_8cb854b .ue-carousel-item{\n  overflow:hidden;\n  transition:0.3s;\n}\n\n#uc_card_carousel_elementor_8cb854b .uc_classic_carousel_container_holder{\n\tdisplay:block;\n\tposition:relative;\n\twidth:100%;\n    box-sizing: border-box;\n}\n#uc_card_carousel_elementor_8cb854b .uc_classic_carousel_placeholder{\n   position:relative;\n}\n\n\n#uc_card_carousel_elementor_8cb854b .uc_classic_carousel_placeholder img, #uc_card_carousel_elementor_8cb854b .ue_card_carousel_image_overlay{\n  transition: all 300ms;\n}\n\n.card_carousel_title{\n\tfont-size:21px;\n}\n\n.uc_classic_carousel .uc_classic_carousel_border{\n\tdisplay:block;\n    margin:0 auto;\n}\n\n.uc_classic_carousel  .uc_classic_carousel_placeholder img{\n\twidth:100%;    \n    display:inline-flex;\n}\n\n.uc_classic_carousel .uc_classic_carousel_content{\n  display: flex;\n  flex-flow: column nowrap;\n}\n\n.uc_classic_carousel .ue_button{\n  margin-top:auto;\n}\n\n.uc_classic_carousel .uc_classic_carousel_content .uc_more_btn {\n\tdisplay:inline-block;\n\ttext-decoration:none;\n\ttransition: all 0.5s ease;\n}\n\n#uc_card_carousel_elementor_8cb854b .owl-dots {\n  overflow:hidden;\n  text-align:center;\n}\n\n#uc_card_carousel_elementor_8cb854b .owl-dot {\n  border-radius:50%;\n  display:inline-block;\n}\n\n#uc_card_carousel_elementor_8cb854b .owl-nav .owl-prev,\n#uc_card_carousel_elementor_8cb854b .owl-nav .owl-next{\n    position:absolute;\n    display:flex;\n  \tjustify-content: center;\n  \talign-items: center;\n    text-align:center;\n}\n\n#uc_card_carousel_elementor_8cb854b .owl-nav .disabled{\n    display: none;  \n}\n\n\n#uc_card_carousel_elementor_8cb854b .ue-item-icon{\n  line-height:1em;\n  display:inline-flex;\n  justify-content:center;\n  align-items:center;  \n}\n\n#uc_card_carousel_elementor_8cb854b .ue-item-icon svg{\n  height:1em;\n  width:1em;\n}\n\n#uc_card_carousel_elementor_8cb854b .ue-item-icon-wrapper{\n  display:flex;\n}\n\n#uc_card_carousel_elementor_8cb854b .uc_classic_carousel_container_holder {\n\t max-width: ;\n}\n\n\n\n@media screen and (max-width: 1024px) {\n  #uc_card_carousel_elementor_8cb854b .uc_classic_carousel_container_holder {\n\t max-width: ;\n  }\n}\n\n@media screen and (max-width: 767px) {\n  #uc_card_carousel_elementor_8cb854b .uc_classic_carousel_container_holder {\n    max-width: ;\n  }\n}\n\n<\/style>\n\n<div class=\"uc_classic_carousel\" id=\"uc_card_carousel_elementor_8cb854b-wrapper\">\n        <div class=\"uc_carousel owl-carousel uc-items-wrapper  \" id=\"uc_card_carousel_elementor_8cb854b\"  >\n          \t\n\n\n<div id=\"uc_card_carousel_elementor_8cb854b_item1\" class=\"uc_classic_carousel_container_holder ue-item elementor-repeater-item-e82eaa4\" data-hide-item=\"false\">  \n  <div class=\"ue-carousel-item\">\n    \n    <span class=\"uc_classic_carousel_border\" style=\"\"><\/span>    \n    \n          <div class=\"uc_classic_carousel_placeholder\">\n        <a href=\"#\" title=\"Contacto\" >          <img fetchpriority=\"high\" decoding=\"async\" src=\"https:\/\/labquimicamedica.com\/wp-content\/uploads\/2024\/09\/cdc-XdErxxR6Xog-unsplash-768x1156.jpg\"  src=\"https:\/\/labquimicamedica.com\/wp-content\/uploads\/2024\/09\/cdc-XdErxxR6Xog-unsplash-768x1156.jpg\" alt=\"cdc-XdErxxR6Xog-unsplash\" width=\"768\" height=\"1156\">\n        <\/a>              <\/div>\n    \n    <div class=\"uc_classic_carousel_content\" style=\"direction:ltr;\">    \n\n      \n          <div  class=\"card_carousel_title\">Toma de presi\u00f3n gratis <\/div>\n        <div class=\"card_carousel_text\">Toma de presi\u00f3n gratis incluida en la contrataci\u00f3n del servicio de Glucosa instant\u00e1nea. <\/div>      \t\n\n              <div class=\"ue_button\">\n          <a class=\"uc_more_btn \" href=\"#\" title=\"Contacto\" >Contacto<\/a>\n      \t<\/div>   \n      \t\n      \n    <\/div>\n    \n  <\/div>\n<\/div>\n\n\n\n<div id=\"uc_card_carousel_elementor_8cb854b_item2\" class=\"uc_classic_carousel_container_holder ue-item elementor-repeater-item-9bcf17f\" data-hide-item=\"false\">  \n  <div class=\"ue-carousel-item\">\n    \n    <span class=\"uc_classic_carousel_border\" style=\"\"><\/span>    \n    \n          <div class=\"uc_classic_carousel_placeholder\">\n        <a href=\"#\" title=\"Show More\" >          <img decoding=\"async\" src=\"https:\/\/labquimicamedica.com\/wp-content\/uploads\/2024\/09\/diabetesmagazijn-nl-7pomsk3sj6w-unsplash-768x576.jpg\"  src=\"https:\/\/labquimicamedica.com\/wp-content\/uploads\/2024\/09\/diabetesmagazijn-nl-7pomsk3sj6w-unsplash-768x576.jpg\" alt=\"diabetesmagazijn-nl-7pomsk3sj6w-unsplash\" width=\"768\" height=\"576\">\n        <\/a>              <\/div>\n    \n    <div class=\"uc_classic_carousel_content\" style=\"direction:ltr;\">    \n\n      \n          <div  class=\"card_carousel_title\">Glucosa $20.00<\/div>\n        <div class=\"card_carousel_text\">Todos los lunes <\/div>      \t\n\n              <div class=\"ue_button\">\n          <a class=\"uc_more_btn \" href=\"#\" title=\"Show More\" >Show More<\/a>\n      \t<\/div>   \n      \t\n      \n    <\/div>\n    \n  <\/div>\n<\/div>\n\n\n\n<div id=\"uc_card_carousel_elementor_8cb854b_item3\" class=\"uc_classic_carousel_container_holder ue-item elementor-repeater-item-1bc5f17\" data-hide-item=\"false\">  \n  <div class=\"ue-carousel-item\">\n    \n    <span class=\"uc_classic_carousel_border\" style=\"\"><\/span>    \n    \n          <div class=\"uc_classic_carousel_placeholder\">\n        <a href=\"#\" title=\"\" >          <img decoding=\"async\" src=\"https:\/\/labquimicamedica.com\/wp-content\/uploads\/2024\/09\/pexels-alicia-zinn-105775-768x510.jpg\"  src=\"https:\/\/labquimicamedica.com\/wp-content\/uploads\/2024\/09\/pexels-alicia-zinn-105775-768x510.jpg\" alt=\"pexels-alicia-zinn-105775\" width=\"768\" height=\"510\">\n        <\/a>              <\/div>\n    \n    <div class=\"uc_classic_carousel_content\" style=\"direction:ltr;\">    \n\n      \n          <div  class=\"card_carousel_title\">Prueba de embarazo $100.00<\/div>\n        <div class=\"card_carousel_text\">Todos los Domingos del mes de Noviembre y Diciembre del 2024<\/div>      \t\n\n              <div class=\"ue_button\">\n          <a class=\"uc_more_btn \" href=\"#\" title=\"\" >Learn More<\/a>\n      \t<\/div>   \n      \t\n      \n    <\/div>\n    \n  <\/div>\n<\/div>\n\n      <\/div>\n<\/div>\n<!-- end Card Carousel -->\t\t\t\t<\/div>\n\t\t\t\t<\/div>\n\t\t\t\t<div class=\"elementor-element elementor-element-da62a54 elementor-widget elementor-widget-heading\" data-id=\"da62a54\" data-element_type=\"widget\" data-e-type=\"widget\" data-widget_type=\"heading.default\">\n\t\t\t\t<div class=\"elementor-widget-container\">\n\t\t\t\t\t<h2 class=\"elementor-heading-title elementor-size-default\">Pregunta por mas promociones <\/h2>\t\t\t\t<\/div>\n\t\t\t\t<\/div>\n\t\t\t\t<div class=\"elementor-element elementor-element-9ef26e4 elementor-view-default elementor-position-block-start elementor-mobile-position-block-start elementor-widget elementor-widget-icon-box\" data-id=\"9ef26e4\" data-element_type=\"widget\" data-e-type=\"widget\" data-widget_type=\"icon-box.default\">\n\t\t\t\t<div class=\"elementor-widget-container\">\n\t\t\t\t\t\t\t<div class=\"elementor-icon-box-wrapper\">\n\n\t\t\t\t\t\t<div class=\"elementor-icon-box-icon\">\n\t\t\t\t<span  class=\"elementor-icon\">\n\t\t\t\t<svg aria-hidden=\"true\" class=\"e-font-icon-svg e-fas-user-check\" viewBox=\"0 0 640 512\" xmlns=\"http:\/\/www.w3.org\/2000\/svg\"><path d=\"M224 256c70.7 0 128-57.3 128-128S294.7 0 224 0 96 57.3 96 128s57.3 128 128 128zm89.6 32h-16.7c-22.2 10.2-46.9 16-72.9 16s-50.6-5.8-72.9-16h-16.7C60.2 288 0 348.2 0 422.4V464c0 26.5 21.5 48 48 48h352c26.5 0 48-21.5 48-48v-41.6c0-74.2-60.2-134.4-134.4-134.4zm323-128.4l-27.8-28.1c-4.6-4.7-12.1-4.7-16.8-.1l-104.8 104-45.5-45.8c-4.6-4.7-12.1-4.7-16.8-.1l-28.1 27.9c-4.7 4.6-4.7 12.1-.1 16.8l81.7 82.3c4.6 4.7 12.1 4.7 16.8.1l141.3-140.2c4.6-4.7 4.7-12.2.1-16.8z\"><\/path><\/svg>\t\t\t\t<\/span>\n\t\t\t<\/div>\n\t\t\t\n\t\t\t\t\t\t<div class=\"elementor-icon-box-content\">\n\n\t\t\t\t\t\t\t\t\t<h3 class=\"elementor-icon-box-title\">\n\t\t\t\t\t\t<span  >\n\t\t\t\t\t\t\tContacto\t\t\t\t\t\t<\/span>\n\t\t\t\t\t<\/h3>\n\t\t\t\t\n\t\t\t\t\t\t\t\t\t<p class=\"elementor-icon-box-description\">\n\t\t\t\t\t\tAv. rio manzano esquina San Efr\u00e9n Mz. 5 Lt1 San Antonio Chicoloapan Edo. Mex. C.P. 56373\nTel: 55 2165 6354\t\t\t\t\t<\/p>\n\t\t\t\t\n\t\t\t<\/div>\n\t\t\t\n\t\t<\/div>\n\t\t\t\t\t\t<\/div>\n\t\t\t\t<\/div>\n\t\t\t\t<div class=\"elementor-element elementor-element-c2db793 elementor-widget elementor-widget-elementskit-business-hours\" data-id=\"c2db793\" data-element_type=\"widget\" data-e-type=\"widget\" data-widget_type=\"elementskit-business-hours.default\">\n\t\t\t\t<div class=\"elementor-widget-container\">\n\t\t\t\t\t<div class=\"ekit-wid-con\" >\t\t<div class=\"ekit-business-hours-inner\">\n\t\t\t\t\t\t<div class=\"ekit-single-day elementor-repeater-item-6750734 \">\n\t\t\t\t\t\t\t\t<span class=\"ekit-business-day\">Lunes<\/span>\n\t\t\t\t\t\t\t\t<span class=\"ekit-business-time\">8:00 AM a 9:30 PM<\/span>\n\t\t\t\t\t\t\t<\/div>\n\t\t\t\t\t\t<div class=\"ekit-single-day elementor-repeater-item-a3fd260 \">\n\t\t\t\t\t\t\t\t<span class=\"ekit-business-day\">Martes<\/span>\n\t\t\t\t\t\t\t\t<span class=\"ekit-business-time\">8:00 AM a 9:30 PM<\/span>\n\t\t\t\t\t\t\t<\/div>\n\t\t\t\t\t\t<div class=\"ekit-single-day elementor-repeater-item-bb0208f \">\n\t\t\t\t\t\t\t\t<span class=\"ekit-business-day\">Miercoles<\/span>\n\t\t\t\t\t\t\t\t<span class=\"ekit-business-time\">8:00 AM a 9:30 PM<\/span>\n\t\t\t\t\t\t\t<\/div>\n\t\t\t\t\t\t<div class=\"ekit-single-day elementor-repeater-item-19c1712 \">\n\t\t\t\t\t\t\t\t<span class=\"ekit-business-day\">Jueves<\/span>\n\t\t\t\t\t\t\t\t<span class=\"ekit-business-time\">8:00 AM a 9:30 PM<\/span>\n\t\t\t\t\t\t\t<\/div>\n\t\t\t\t\t\t<div class=\"ekit-single-day elementor-repeater-item-2979fbd \">\n\t\t\t\t\t\t\t\t<span class=\"ekit-business-day\">Viernes<\/span>\n\t\t\t\t\t\t\t\t<span class=\"ekit-business-time\">8:00 AM a 9:30 PM<\/span>\n\t\t\t\t\t\t\t<\/div>\n\t\t\t\t\t\t<div class=\"ekit-single-day elementor-repeater-item-24e5402 \">\n\t\t\t\t\t\t\t\t<span class=\"ekit-business-day\">S\u00e1bado<\/span>\n\t\t\t\t\t\t\t\t<span class=\"ekit-business-time\">8:00 AM a 9:30 PM<\/span>\n\t\t\t\t\t\t\t<\/div>\n\t\t\t\t\t\t<div class=\"ekit-single-day elementor-repeater-item-315bf27 ekit-closed-day\">\n\t\t\t\t\t\t\t\t<span class=\"ekit-business-day\">Domingo<\/span>\n\t\t\t\t\t\t\t\t<span class=\"ekit-business-time\">10:00 AM a 9:30 PM<\/span>\n\t\t\t\t\t\t\t<\/div>\n\t\t\t\t\t<\/div>\n        <\/div>\t\t\t\t<\/div>\n\t\t\t\t<\/div>\n\t\t\t\t<div class=\"elementor-element elementor-element-cf41bf3 elementor-widget elementor-widget-elementskit-social-media\" data-id=\"cf41bf3\" data-element_type=\"widget\" data-e-type=\"widget\" data-widget_type=\"elementskit-social-media.default\">\n\t\t\t\t<div class=\"elementor-widget-container\">\n\t\t\t\t\t<div class=\"ekit-wid-con\" >\t\t\t <ul class=\"ekit_social_media\">\n\t\t\t\t\t\t\t\t\t\t\t\t\t\t<li class=\"elementor-repeater-item-e9e8315\">\n\t\t\t\t\t    <a\n\t\t\t\t\t\thref=\"https:\/\/api.whatsapp.com\/send\/?phone=525619442123&#038;text&#038;type=phone_number&#038;app_absent=0\" aria-label=\"WhatsApp\" class=\"1\" >\n\t\t\t\t\t\t\t\n\t\t\t\t\t\t\t<i aria-hidden=\"true\" class=\"icon icon-whatsapp-1\"><\/i>\n                                                                                                            <\/a>\n                    <\/li>\n                    \t\t\t\t\t\t\t\t\t\t\t\t\t\t<li class=\"elementor-repeater-item-db6e09f\">\n\t\t\t\t\t    <a\n\t\t\t\t\t\thref=\"https:\/\/facebook.com\" aria-label=\"Twitter\" class=\"2\" >\n\t\t\t\t\t\t\t\n\t\t\t\t\t\t\t<i aria-hidden=\"true\" class=\"icon icon-facebook-2\"><\/i>\n                                                                                                            <\/a>\n                    <\/li>\n                    \t\t\t\t\t\t\t<\/ul>\n\t\t<\/div>\t\t\t\t<\/div>\n\t\t\t\t<\/div>\n\t\t\t\t\t<\/div>\n\t\t\t\t<\/div>\n\t\t\t\t<\/div>\n\t\t","protected":false},"excerpt":{"rendered":"<p>Descuentos Noviembre Diciembre 2024 Toma de presi\u00f3n gratis Toma de presi\u00f3n gratis incluida en la contrataci\u00f3n del servicio de Glucosa instant\u00e1nea. Contacto Glucosa $20.00 Todos los lunes Show More Prueba de embarazo $100.00 Todos los Domingos del mes de Noviembre y Diciembre del 2024 Learn More Pregunta por mas promociones Contacto Av. rio manzano esquina [&hellip;]<\/p>\n","protected":false},"author":1,"featured_media":0,"parent":0,"menu_order":0,"comment_status":"closed","ping_status":"closed","template":"","meta":{"_acf_changed":false,"inline_featured_image":false,"postBodyCss":"","postBodyMargin":[],"postBodyPadding":[],"postBodyBackground":{"backgroundType":"classic","gradient":""},"footnotes":""},"class_list":["post-3442","page","type-page","status-publish","hentry"],"acf":[],"yoast_head":"<!-- This site is optimized with the Yoast SEO plugin v27.4 - https:\/\/yoast.com\/product\/yoast-seo-wordpress\/ -->\n<title>Sucursal Chicoloapan - Laboratorio Qu\u00edmica M\u00e9dica<\/title>\n<meta name=\"robots\" content=\"index, follow, max-snippet:-1, max-image-preview:large, max-video-preview:-1\" \/>\n<link rel=\"canonical\" href=\"https:\/\/labquimicamedica.com\/index.php\/sucursal-chicoloapan\/\" \/>\n<meta property=\"og:locale\" content=\"es_MX\" \/>\n<meta property=\"og:type\" content=\"article\" \/>\n<meta property=\"og:title\" content=\"Sucursal Chicoloapan - Laboratorio Qu\u00edmica M\u00e9dica\" \/>\n<meta property=\"og:description\" content=\"Descuentos Noviembre Diciembre 2024 Toma de presi\u00f3n gratis Toma de presi\u00f3n gratis incluida en la contrataci\u00f3n del servicio de Glucosa instant\u00e1nea. Contacto Glucosa $20.00 Todos los lunes Show More Prueba de embarazo $100.00 Todos los Domingos del mes de Noviembre y Diciembre del 2024 Learn More Pregunta por mas promociones Contacto Av. rio manzano esquina [&hellip;]\" \/>\n<meta property=\"og:url\" content=\"https:\/\/labquimicamedica.com\/index.php\/sucursal-chicoloapan\/\" \/>\n<meta property=\"og:site_name\" content=\"Laboratorio Qu\u00edmica M\u00e9dica\" \/>\n<meta property=\"article:publisher\" content=\"https:\/\/www.facebook.com\/Lab.Quimicamedica\/?locale=es_LA\" \/>\n<meta property=\"article:modified_time\" content=\"2024-11-03T04:36:55+00:00\" \/>\n<meta property=\"og:image\" content=\"https:\/\/labquimicamedica.com\/wp-content\/uploads\/2024\/09\/cdc-XdErxxR6Xog-unsplash-768x1156.jpg\" \/>\n<meta name=\"twitter:card\" content=\"summary_large_image\" \/>\n<meta name=\"twitter:label1\" content=\"Tiempo de lectura\" \/>\n\t<meta name=\"twitter:data1\" content=\"3 minutos\" \/>\n<script type=\"application\/ld+json\" class=\"yoast-schema-graph\">{\"@context\":\"https:\\\/\\\/schema.org\",\"@graph\":[{\"@type\":\"WebPage\",\"@id\":\"https:\\\/\\\/labquimicamedica.com\\\/index.php\\\/sucursal-chicoloapan\\\/\",\"url\":\"https:\\\/\\\/labquimicamedica.com\\\/index.php\\\/sucursal-chicoloapan\\\/\",\"name\":\"Sucursal Chicoloapan - Laboratorio Qu\u00edmica M\u00e9dica\",\"isPartOf\":{\"@id\":\"https:\\\/\\\/labquimicamedica.com\\\/#website\"},\"primaryImageOfPage\":{\"@id\":\"https:\\\/\\\/labquimicamedica.com\\\/index.php\\\/sucursal-chicoloapan\\\/#primaryimage\"},\"image\":{\"@id\":\"https:\\\/\\\/labquimicamedica.com\\\/index.php\\\/sucursal-chicoloapan\\\/#primaryimage\"},\"thumbnailUrl\":\"https:\\\/\\\/labquimicamedica.com\\\/wp-content\\\/uploads\\\/2024\\\/09\\\/cdc-XdErxxR6Xog-unsplash-768x1156.jpg\",\"datePublished\":\"2024-09-07T01:00:14+00:00\",\"dateModified\":\"2024-11-03T04:36:55+00:00\",\"breadcrumb\":{\"@id\":\"https:\\\/\\\/labquimicamedica.com\\\/index.php\\\/sucursal-chicoloapan\\\/#breadcrumb\"},\"inLanguage\":\"es\",\"potentialAction\":[{\"@type\":\"ReadAction\",\"target\":[\"https:\\\/\\\/labquimicamedica.com\\\/index.php\\\/sucursal-chicoloapan\\\/\"]}]},{\"@type\":\"ImageObject\",\"inLanguage\":\"es\",\"@id\":\"https:\\\/\\\/labquimicamedica.com\\\/index.php\\\/sucursal-chicoloapan\\\/#primaryimage\",\"url\":\"https:\\\/\\\/labquimicamedica.com\\\/wp-content\\\/uploads\\\/2024\\\/09\\\/cdc-XdErxxR6Xog-unsplash-scaled.jpg\",\"contentUrl\":\"https:\\\/\\\/labquimicamedica.com\\\/wp-content\\\/uploads\\\/2024\\\/09\\\/cdc-XdErxxR6Xog-unsplash-scaled.jpg\",\"width\":1701,\"height\":2560},{\"@type\":\"BreadcrumbList\",\"@id\":\"https:\\\/\\\/labquimicamedica.com\\\/index.php\\\/sucursal-chicoloapan\\\/#breadcrumb\",\"itemListElement\":[{\"@type\":\"ListItem\",\"position\":1,\"name\":\"Inicio\",\"item\":\"https:\\\/\\\/labquimicamedica.com\\\/\"},{\"@type\":\"ListItem\",\"position\":2,\"name\":\"Sucursal Chicoloapan\"}]},{\"@type\":\"WebSite\",\"@id\":\"https:\\\/\\\/labquimicamedica.com\\\/#website\",\"url\":\"https:\\\/\\\/labquimicamedica.com\\\/\",\"name\":\"Laboratorio Qu\u00edmica M\u00e9dica\",\"description\":\"QM\",\"publisher\":{\"@id\":\"https:\\\/\\\/labquimicamedica.com\\\/#organization\"},\"potentialAction\":[{\"@type\":\"SearchAction\",\"target\":{\"@type\":\"EntryPoint\",\"urlTemplate\":\"https:\\\/\\\/labquimicamedica.com\\\/?s={search_term_string}\"},\"query-input\":{\"@type\":\"PropertyValueSpecification\",\"valueRequired\":true,\"valueName\":\"search_term_string\"}}],\"inLanguage\":\"es\"},{\"@type\":\"Organization\",\"@id\":\"https:\\\/\\\/labquimicamedica.com\\\/#organization\",\"name\":\"Laboratorio Qu\u00edmica M\u00e9dica\",\"url\":\"https:\\\/\\\/labquimicamedica.com\\\/\",\"logo\":{\"@type\":\"ImageObject\",\"inLanguage\":\"es\",\"@id\":\"https:\\\/\\\/labquimicamedica.com\\\/#\\\/schema\\\/logo\\\/image\\\/\",\"url\":\"https:\\\/\\\/labquimicamedica.com\\\/wp-content\\\/uploads\\\/2024\\\/08\\\/QM-4.png\",\"contentUrl\":\"https:\\\/\\\/labquimicamedica.com\\\/wp-content\\\/uploads\\\/2024\\\/08\\\/QM-4.png\",\"width\":636,\"height\":525,\"caption\":\"Laboratorio Qu\u00edmica M\u00e9dica\"},\"image\":{\"@id\":\"https:\\\/\\\/labquimicamedica.com\\\/#\\\/schema\\\/logo\\\/image\\\/\"},\"sameAs\":[\"https:\\\/\\\/www.facebook.com\\\/Lab.Quimicamedica\\\/?locale=es_LA\"]}]}<\/script>\n<!-- \/ Yoast SEO plugin. -->","yoast_head_json":{"title":"Sucursal Chicoloapan - Laboratorio Qu\u00edmica M\u00e9dica","robots":{"index":"index","follow":"follow","max-snippet":"max-snippet:-1","max-image-preview":"max-image-preview:large","max-video-preview":"max-video-preview:-1"},"canonical":"https:\/\/labquimicamedica.com\/index.php\/sucursal-chicoloapan\/","og_locale":"es_MX","og_type":"article","og_title":"Sucursal Chicoloapan - Laboratorio Qu\u00edmica M\u00e9dica","og_description":"Descuentos Noviembre Diciembre 2024 Toma de presi\u00f3n gratis Toma de presi\u00f3n gratis incluida en la contrataci\u00f3n del servicio de Glucosa instant\u00e1nea. Contacto Glucosa $20.00 Todos los lunes Show More Prueba de embarazo $100.00 Todos los Domingos del mes de Noviembre y Diciembre del 2024 Learn More Pregunta por mas promociones Contacto Av. rio manzano esquina [&hellip;]","og_url":"https:\/\/labquimicamedica.com\/index.php\/sucursal-chicoloapan\/","og_site_name":"Laboratorio Qu\u00edmica M\u00e9dica","article_publisher":"https:\/\/www.facebook.com\/Lab.Quimicamedica\/?locale=es_LA","article_modified_time":"2024-11-03T04:36:55+00:00","og_image":[{"url":"https:\/\/labquimicamedica.com\/wp-content\/uploads\/2024\/09\/cdc-XdErxxR6Xog-unsplash-768x1156.jpg","type":"","width":"","height":""}],"twitter_card":"summary_large_image","twitter_misc":{"Tiempo de lectura":"3 minutos"},"schema":{"@context":"https:\/\/schema.org","@graph":[{"@type":"WebPage","@id":"https:\/\/labquimicamedica.com\/index.php\/sucursal-chicoloapan\/","url":"https:\/\/labquimicamedica.com\/index.php\/sucursal-chicoloapan\/","name":"Sucursal Chicoloapan - Laboratorio Qu\u00edmica M\u00e9dica","isPartOf":{"@id":"https:\/\/labquimicamedica.com\/#website"},"primaryImageOfPage":{"@id":"https:\/\/labquimicamedica.com\/index.php\/sucursal-chicoloapan\/#primaryimage"},"image":{"@id":"https:\/\/labquimicamedica.com\/index.php\/sucursal-chicoloapan\/#primaryimage"},"thumbnailUrl":"https:\/\/labquimicamedica.com\/wp-content\/uploads\/2024\/09\/cdc-XdErxxR6Xog-unsplash-768x1156.jpg","datePublished":"2024-09-07T01:00:14+00:00","dateModified":"2024-11-03T04:36:55+00:00","breadcrumb":{"@id":"https:\/\/labquimicamedica.com\/index.php\/sucursal-chicoloapan\/#breadcrumb"},"inLanguage":"es","potentialAction":[{"@type":"ReadAction","target":["https:\/\/labquimicamedica.com\/index.php\/sucursal-chicoloapan\/"]}]},{"@type":"ImageObject","inLanguage":"es","@id":"https:\/\/labquimicamedica.com\/index.php\/sucursal-chicoloapan\/#primaryimage","url":"https:\/\/labquimicamedica.com\/wp-content\/uploads\/2024\/09\/cdc-XdErxxR6Xog-unsplash-scaled.jpg","contentUrl":"https:\/\/labquimicamedica.com\/wp-content\/uploads\/2024\/09\/cdc-XdErxxR6Xog-unsplash-scaled.jpg","width":1701,"height":2560},{"@type":"BreadcrumbList","@id":"https:\/\/labquimicamedica.com\/index.php\/sucursal-chicoloapan\/#breadcrumb","itemListElement":[{"@type":"ListItem","position":1,"name":"Inicio","item":"https:\/\/labquimicamedica.com\/"},{"@type":"ListItem","position":2,"name":"Sucursal Chicoloapan"}]},{"@type":"WebSite","@id":"https:\/\/labquimicamedica.com\/#website","url":"https:\/\/labquimicamedica.com\/","name":"Laboratorio Qu\u00edmica M\u00e9dica","description":"QM","publisher":{"@id":"https:\/\/labquimicamedica.com\/#organization"},"potentialAction":[{"@type":"SearchAction","target":{"@type":"EntryPoint","urlTemplate":"https:\/\/labquimicamedica.com\/?s={search_term_string}"},"query-input":{"@type":"PropertyValueSpecification","valueRequired":true,"valueName":"search_term_string"}}],"inLanguage":"es"},{"@type":"Organization","@id":"https:\/\/labquimicamedica.com\/#organization","name":"Laboratorio Qu\u00edmica M\u00e9dica","url":"https:\/\/labquimicamedica.com\/","logo":{"@type":"ImageObject","inLanguage":"es","@id":"https:\/\/labquimicamedica.com\/#\/schema\/logo\/image\/","url":"https:\/\/labquimicamedica.com\/wp-content\/uploads\/2024\/08\/QM-4.png","contentUrl":"https:\/\/labquimicamedica.com\/wp-content\/uploads\/2024\/08\/QM-4.png","width":636,"height":525,"caption":"Laboratorio Qu\u00edmica M\u00e9dica"},"image":{"@id":"https:\/\/labquimicamedica.com\/#\/schema\/logo\/image\/"},"sameAs":["https:\/\/www.facebook.com\/Lab.Quimicamedica\/?locale=es_LA"]}]}},"_links":{"self":[{"href":"https:\/\/labquimicamedica.com\/index.php\/wp-json\/wp\/v2\/pages\/3442","targetHints":{"allow":["GET"]}}],"collection":[{"href":"https:\/\/labquimicamedica.com\/index.php\/wp-json\/wp\/v2\/pages"}],"about":[{"href":"https:\/\/labquimicamedica.com\/index.php\/wp-json\/wp\/v2\/types\/page"}],"author":[{"embeddable":true,"href":"https:\/\/labquimicamedica.com\/index.php\/wp-json\/wp\/v2\/users\/1"}],"replies":[{"embeddable":true,"href":"https:\/\/labquimicamedica.com\/index.php\/wp-json\/wp\/v2\/comments?post=3442"}],"version-history":[{"count":22,"href":"https:\/\/labquimicamedica.com\/index.php\/wp-json\/wp\/v2\/pages\/3442\/revisions"}],"predecessor-version":[{"id":4330,"href":"https:\/\/labquimicamedica.com\/index.php\/wp-json\/wp\/v2\/pages\/3442\/revisions\/4330"}],"wp:attachment":[{"href":"https:\/\/labquimicamedica.com\/index.php\/wp-json\/wp\/v2\/media?parent=3442"}],"curies":[{"name":"wp","href":"https:\/\/api.w.org\/{rel}","templated":true}]}}